{"id":4092,"date":"2021-05-27T14:19:57","date_gmt":"2021-05-27T14:19:57","guid":{"rendered":"https:\/\/chateaudebourneau.com\/?page_id=4092"},"modified":"2021-06-07T15:51:04","modified_gmt":"2021-06-07T15:51:04","slug":"history","status":"publish","type":"page","link":"https:\/\/chateaudebourneau.com\/en_gb\/history\/","title":{"rendered":"History"},"content":{"rendered":"\t\t<div data-elementor-type=\"single-page\" data-elementor-id=\"3585\" class=\"elementor elementor-3585\" data-elementor-post-type=\"elementor_library\">\n\t\t\t\t\t<section class=\"elementor-section elementor-top-section elementor-element elementor-element-507f20e elementor-section-boxed elementor-section-height-default elementor-section-height-default\" data-id=\"507f20e\" data-element_type=\"section\" data-e-type=\"section\" data-settings=\"{&quot;background_background&quot;:&quot;classic&quot;}\">\n\t\t\t\t\t\t<div class=\"elementor-container elementor-column-gap-default\">\n\t\t\t\t\t<div class=\"elementor-column elementor-col-100 elementor-top-column elementor-element elementor-element-ee33627\" data-id=\"ee33627\" data-element_type=\"column\" data-e-type=\"column\">\n\t\t\t<div class=\"elementor-widget-wrap elementor-element-populated\">\n\t\t\t\t\t\t<div class=\"elementor-element elementor-element-a275f03 elementor-widget elementor-widget-heading\" data-id=\"a275f03\" data-element_type=\"widget\" data-e-type=\"widget\" data-widget_type=\"heading.default\">\n\t\t\t\t<div class=\"elementor-widget-container\">\n\t\t\t\t\t<h2 class=\"elementor-heading-title elementor-size-xxl\">History<\/h2>\t\t\t\t<\/div>\n\t\t\t\t<\/div>\n\t\t\t\t\t<\/div>\n\t\t<\/div>\n\t\t\t\t\t<\/div>\n\t\t<\/section>\n\t\t\t\t<section class=\"elementor-section elementor-top-section elementor-element elementor-element-4c5559b elementor-section-boxed elementor-section-height-default elementor-section-height-default\" data-id=\"4c5559b\" data-element_type=\"section\" data-e-type=\"section\">\n\t\t\t\t\t\t<div class=\"elementor-container elementor-column-gap-default\">\n\t\t\t\t\t<div class=\"elementor-column elementor-col-100 elementor-top-column elementor-element elementor-element-308c113\" data-id=\"308c113\" data-element_type=\"column\" data-e-type=\"column\">\n\t\t\t<div class=\"elementor-widget-wrap elementor-element-populated\">\n\t\t\t\t\t\t<div class=\"elementor-element elementor-element-82d218e elementor-widget elementor-widget-spacer\" data-id=\"82d218e\" data-element_type=\"widget\" data-e-type=\"widget\" data-widget_type=\"spacer.default\">\n\t\t\t\t<div class=\"elementor-widget-container\">\n\t\t\t\t\t\t\t<div class=\"elementor-spacer\">\n\t\t\t<div class=\"elementor-spacer-inner\"><\/div>\n\t\t<\/div>\n\t\t\t\t\t\t<\/div>\n\t\t\t\t<\/div>\n\t\t\t\t\t<\/div>\n\t\t<\/div>\n\t\t\t\t\t<\/div>\n\t\t<\/section>\n\t\t\t\t<section class=\"elementor-section elementor-top-section elementor-element elementor-element-820ea44 elementor-section-boxed elementor-section-height-default elementor-section-height-default\" data-id=\"820ea44\" data-element_type=\"section\" data-e-type=\"section\">\n\t\t\t\t\t\t<div class=\"elementor-container elementor-column-gap-default\">\n\t\t\t\t\t<div class=\"elementor-column elementor-col-100 elementor-top-column elementor-element elementor-element-c313209\" data-id=\"c313209\" data-element_type=\"column\" data-e-type=\"column\">\n\t\t\t<div class=\"elementor-widget-wrap elementor-element-populated\">\n\t\t\t\t\t\t<div class=\"elementor-element elementor-element-0c0bf29 elementor-invisible elementor-widget elementor-widget-text-editor\" data-id=\"0c0bf29\" data-element_type=\"widget\" data-e-type=\"widget\" data-settings=\"{&quot;_animation&quot;:&quot;fadeInUp&quot;}\" data-widget_type=\"text-editor.default\">\n\t\t\t\t<div class=\"elementor-widget-container\">\n\t\t\t\t\t\t\t\t\t<p>There has been a ch\u00e2teau recorded on this site since 1464, when Jacquette de la Ram\u00e9e, dame de Bourneau, received royal permission from King Louis XI to build a fortified ch\u00e2teau at Bourneau. However, all that remains of this ancient ch\u00e2teau are the four turrets that delimit the moat and the vaulted foundations that the current ch\u00e2teau is built on. Unfortunately, any records or plans of the original ch\u00e2teau are lost to history. The current ch\u00e2teau you see today is in the style of the French Premi\u00e8re Renaissance and was built in the second half of the 19th century.<\/p><p>Edmond M\u00f6ller, a local gentleman who inherited the land at Bourneau through his mother\u2019s family, commissioned the celebrated local architect, Ars\u00e8ne Charier to build the current ch\u00e2teau in 1863. The edifications were completed between 1869 and 1870. Ars\u00e8ne Charier was inspired by the royal ch\u00e2teaux of the Loire, in particular Azay-le-Rideau and the Ch\u00e2teau d\u2019Anet. This ch\u00e2teau\u2019s Renaissance design is unique to this region.\u00a0<\/p><p>The ch\u00e2teau takes artistic elements of fortified ch\u00e2teaux rather than having a practical fortification function. The two wings are constructed at right-angles on a square island with four \u201cpoivri\u00e8res\u201d (small turrets) at each corner of the island. The island is surrounded by a moat, filled by water from a natural spring. The south west turret corresponds to the original service staircase, which illustrates the chateau\u2019s strong Renaissance inspiration with the impressions of each step of the spiral staircase on the outer wall of the turret. The initials of Edmond M\u00f6ller and his wife, Claire de Fontaines, are carved into the edifice in the manner of those found at Chambord by Francois I. The interior of the ch\u00e2teau, however, is in the simpler style of Napoleon III.<\/p>\t\t\t\t\t\t\t\t<\/div>\n\t\t\t\t<\/div>\n\t\t\t\t<div class=\"elementor-element elementor-element-0a59c8f elementor-widget elementor-widget-spacer\" data-id=\"0a59c8f\" data-element_type=\"widget\" data-e-type=\"widget\" data-widget_type=\"spacer.default\">\n\t\t\t\t<div class=\"elementor-widget-container\">\n\t\t\t\t\t\t\t<div class=\"elementor-spacer\">\n\t\t\t<div class=\"elementor-spacer-inner\"><\/div>\n\t\t<\/div>\n\t\t\t\t\t\t<\/div>\n\t\t\t\t<\/div>\n\t\t\t\t\t<\/div>\n\t\t<\/div>\n\t\t\t\t\t<\/div>\n\t\t<\/section>\n\t\t\t\t<section class=\"elementor-section elementor-top-section elementor-element elementor-element-cac2422 elementor-section-boxed elementor-section-height-default elementor-section-height-default\" data-id=\"cac2422\" data-element_type=\"section\" data-e-type=\"section\" data-settings=\"{&quot;background_background&quot;:&quot;classic&quot;}\">\n\t\t\t\t\t\t<div class=\"elementor-container elementor-column-gap-default\">\n\t\t\t\t\t<div class=\"elementor-column elementor-col-100 elementor-top-column elementor-element elementor-element-33c7e3c\" data-id=\"33c7e3c\" data-element_type=\"column\" data-e-type=\"column\">\n\t\t\t<div class=\"elementor-widget-wrap\">\n\t\t\t\t\t\t\t<\/div>\n\t\t<\/div>\n\t\t\t\t\t<\/div>\n\t\t<\/section>\n\t\t\t\t<section class=\"elementor-section elementor-top-section elementor-element elementor-element-1603fae elementor-section-boxed elementor-section-height-default elementor-section-height-default\" data-id=\"1603fae\" data-element_type=\"section\" data-e-type=\"section\">\n\t\t\t\t\t\t<div class=\"elementor-container elementor-column-gap-default\">\n\t\t\t\t\t<div class=\"elementor-column elementor-col-100 elementor-top-column elementor-element elementor-element-1ad6b0b\" data-id=\"1ad6b0b\" data-element_type=\"column\" data-e-type=\"column\">\n\t\t\t<div class=\"elementor-widget-wrap elementor-element-populated\">\n\t\t\t\t\t\t<div class=\"elementor-element elementor-element-2b96ea2 elementor-widget elementor-widget-spacer\" data-id=\"2b96ea2\" data-element_type=\"widget\" data-e-type=\"widget\" data-widget_type=\"spacer.default\">\n\t\t\t\t<div class=\"elementor-widget-container\">\n\t\t\t\t\t\t\t<div class=\"elementor-spacer\">\n\t\t\t<div class=\"elementor-spacer-inner\"><\/div>\n\t\t<\/div>\n\t\t\t\t\t\t<\/div>\n\t\t\t\t<\/div>\n\t\t\t\t<div class=\"elementor-element elementor-element-b450ff7 elementor-invisible elementor-widget elementor-widget-text-editor\" data-id=\"b450ff7\" data-element_type=\"widget\" data-e-type=\"widget\" data-settings=\"{&quot;_animation&quot;:&quot;fadeInUp&quot;}\" data-widget_type=\"text-editor.default\">\n\t\t\t\t<div class=\"elementor-widget-container\">\n\t\t\t\t\t\t\t\t\t<p>Edmond and Claire M\u00f6ller\u2019s daughter, Marguerite M\u00f6ller, married her first cousin, Raymond de Fontaines. They had two children, their only son, also Raymond de Fontaines, was a romantic poet and was killed in the first world war at Thiaumont near Verdun on 1st June 1916 at the age of 25 years.\u00a0 Their surviving daughter, Denise de Fontaines, married Baron Jean de Meyronnet de Saint-Marc but she died without surviving issue before her mother in 1954.\u00a0 On her death in 1956, at the age of 93 years, Marguerite left the Ch\u00e2teau de Bourneau and the estate to her servant, Agn\u00e8s.\u00a0 The land was then subdivided and in 1963, Agn\u00e8s sold the Ch\u00e2teau to the Foundation Marechal de Lattre de Tassigny, who opened a retirement home for Algerian men and women who fought for France and had lost everything.\u00a0 It was called \u201cMaison Raymond de Fontaines\u201d in memory of Raymond de Fontaines who fell in battle.<\/p>\t\t\t\t\t\t\t\t<\/div>\n\t\t\t\t<\/div>\n\t\t\t\t<div class=\"elementor-element elementor-element-e3985ba elementor-widget elementor-widget-spacer\" data-id=\"e3985ba\" data-element_type=\"widget\" data-e-type=\"widget\" data-widget_type=\"spacer.default\">\n\t\t\t\t<div class=\"elementor-widget-container\">\n\t\t\t\t\t\t\t<div class=\"elementor-spacer\">\n\t\t\t<div class=\"elementor-spacer-inner\"><\/div>\n\t\t<\/div>\n\t\t\t\t\t\t<\/div>\n\t\t\t\t<\/div>\n\t\t\t\t\t<\/div>\n\t\t<\/div>\n\t\t\t\t\t<\/div>\n\t\t<\/section>\n\t\t\t\t<section class=\"elementor-section elementor-top-section elementor-element elementor-element-91f1ab3 elementor-section-full_width elementor-section-height-default elementor-section-height-default\" data-id=\"91f1ab3\" data-element_type=\"section\" data-e-type=\"section\" data-settings=\"{&quot;background_background&quot;:&quot;classic&quot;}\">\n\t\t\t\t\t\t<div class=\"elementor-container elementor-column-gap-default\">\n\t\t\t\t\t<div class=\"elementor-column elementor-col-100 elementor-top-column elementor-element elementor-element-1046559\" data-id=\"1046559\" data-element_type=\"column\" data-e-type=\"column\">\n\t\t\t<div class=\"elementor-widget-wrap\">\n\t\t\t\t\t\t\t<\/div>\n\t\t<\/div>\n\t\t\t\t\t<\/div>\n\t\t<\/section>\n\t\t\t\t<section class=\"elementor-section elementor-top-section elementor-element elementor-element-037e22b elementor-section-boxed elementor-section-height-default elementor-section-height-default\" data-id=\"037e22b\" data-element_type=\"section\" data-e-type=\"section\">\n\t\t\t\t\t\t<div class=\"elementor-container elementor-column-gap-default\">\n\t\t\t\t\t<div class=\"elementor-column elementor-col-100 elementor-top-column elementor-element elementor-element-561f526\" data-id=\"561f526\" data-element_type=\"column\" data-e-type=\"column\">\n\t\t\t<div class=\"elementor-widget-wrap elementor-element-populated\">\n\t\t\t\t\t\t<div class=\"elementor-element elementor-element-ce2afa6 elementor-widget elementor-widget-spacer\" data-id=\"ce2afa6\" data-element_type=\"widget\" data-e-type=\"widget\" data-widget_type=\"spacer.default\">\n\t\t\t\t<div class=\"elementor-widget-container\">\n\t\t\t\t\t\t\t<div class=\"elementor-spacer\">\n\t\t\t<div class=\"elementor-spacer-inner\"><\/div>\n\t\t<\/div>\n\t\t\t\t\t\t<\/div>\n\t\t\t\t<\/div>\n\t\t\t\t<div class=\"elementor-element elementor-element-31f944c elementor-invisible elementor-widget elementor-widget-text-editor\" data-id=\"31f944c\" data-element_type=\"widget\" data-e-type=\"widget\" data-settings=\"{&quot;_animation&quot;:&quot;fadeInUp&quot;}\" data-widget_type=\"text-editor.default\">\n\t\t\t\t<div class=\"elementor-widget-container\">\n\t\t\t\t\t\t\t\t\t<p>In 1967, the out buildings (old stables, barns and bakery) were completely transformed to expand the Foundation\u2019s activity in welcoming refugees from wars in South East Asia, notably Vietnam, Cambodia and Laos, with the aim to repatriate these people into French Society. The Foundation closed in 1997 and in June 1998, the ch\u00e2teau was bought back into the original family by the great niece of Marguerite de Fontaines. In 2004, they began the enormous task of renovating the ch\u00e2teau and converting the outhouses into 4 large holiday cottages.<\/p>\t\t\t\t\t\t\t\t<\/div>\n\t\t\t\t<\/div>\n\t\t\t\t<div class=\"elementor-element elementor-element-3924dcb elementor-widget elementor-widget-spacer\" data-id=\"3924dcb\" data-element_type=\"widget\" data-e-type=\"widget\" data-widget_type=\"spacer.default\">\n\t\t\t\t<div class=\"elementor-widget-container\">\n\t\t\t\t\t\t\t<div class=\"elementor-spacer\">\n\t\t\t<div class=\"elementor-spacer-inner\"><\/div>\n\t\t<\/div>\n\t\t\t\t\t\t<\/div>\n\t\t\t\t<\/div>\n\t\t\t\t\t<\/div>\n\t\t<\/div>\n\t\t\t\t\t<\/div>\n\t\t<\/section>\n\t\t\t\t<section class=\"elementor-section elementor-top-section elementor-element elementor-element-502977c elementor-section-full_width elementor-section-height-default elementor-section-height-default\" data-id=\"502977c\" data-element_type=\"section\" data-e-type=\"section\" data-settings=\"{&quot;background_background&quot;:&quot;classic&quot;}\">\n\t\t\t\t\t\t<div class=\"elementor-container elementor-column-gap-default\">\n\t\t\t\t\t<div class=\"elementor-column elementor-col-100 elementor-top-column elementor-element elementor-element-db56a7e\" data-id=\"db56a7e\" data-element_type=\"column\" data-e-type=\"column\">\n\t\t\t<div class=\"elementor-widget-wrap\">\n\t\t\t\t\t\t\t<\/div>\n\t\t<\/div>\n\t\t\t\t\t<\/div>\n\t\t<\/section>\n\t\t\t\t<section class=\"elementor-section elementor-top-section elementor-element elementor-element-d690cfd elementor-section-boxed elementor-section-height-default elementor-section-height-default\" data-id=\"d690cfd\" data-element_type=\"section\" data-e-type=\"section\">\n\t\t\t\t\t\t<div class=\"elementor-container elementor-column-gap-default\">\n\t\t\t\t\t<div class=\"elementor-column elementor-col-100 elementor-top-column elementor-element elementor-element-73f4b77\" data-id=\"73f4b77\" data-element_type=\"column\" data-e-type=\"column\">\n\t\t\t<div class=\"elementor-widget-wrap elementor-element-populated\">\n\t\t\t\t\t\t<div class=\"elementor-element elementor-element-66471f2 elementor-widget elementor-widget-spacer\" data-id=\"66471f2\" data-element_type=\"widget\" data-e-type=\"widget\" data-widget_type=\"spacer.default\">\n\t\t\t\t<div class=\"elementor-widget-container\">\n\t\t\t\t\t\t\t<div class=\"elementor-spacer\">\n\t\t\t<div class=\"elementor-spacer-inner\"><\/div>\n\t\t<\/div>\n\t\t\t\t\t\t<\/div>\n\t\t\t\t<\/div>\n\t\t\t\t<div class=\"elementor-element elementor-element-2656fb0 elementor-invisible elementor-widget elementor-widget-text-editor\" data-id=\"2656fb0\" data-element_type=\"widget\" data-e-type=\"widget\" data-settings=\"{&quot;_animation&quot;:&quot;fadeInUp&quot;}\" data-widget_type=\"text-editor.default\">\n\t\t\t\t<div class=\"elementor-widget-container\">\n\t\t\t\t\t\t\t\t\t<p>In 2018, it was time for them to pass the baton to the next generation and so the ch\u00e2teau was sold to us. We are passionate about history and preserving this beautiful local landmark for generations to come. The Ch\u00e2teau is now a private family home and an events business, hosting weddings, private parties, seminars, retreats and holiday lets.<\/p>\t\t\t\t\t\t\t\t<\/div>\n\t\t\t\t<\/div>\n\t\t\t\t\t<\/div>\n\t\t<\/div>\n\t\t\t\t\t<\/div>\n\t\t<\/section>\n\t\t\t\t<section class=\"elementor-section elementor-top-section elementor-element elementor-element-90304d4 elementor-section-boxed elementor-section-height-default elementor-section-height-default\" data-id=\"90304d4\" data-element_type=\"section\" data-e-type=\"section\">\n\t\t\t\t\t\t<div class=\"elementor-container elementor-column-gap-default\">\n\t\t\t\t\t<div class=\"elementor-column elementor-col-100 elementor-top-column elementor-element elementor-element-7ad509d\" data-id=\"7ad509d\" data-element_type=\"column\" data-e-type=\"column\">\n\t\t\t<div class=\"elementor-widget-wrap elementor-element-populated\">\n\t\t\t\t\t\t<div class=\"elementor-element elementor-element-382f21d elementor-widget elementor-widget-spacer\" data-id=\"382f21d\" data-element_type=\"widget\" data-e-type=\"widget\" data-widget_type=\"spacer.default\">\n\t\t\t\t<div class=\"elementor-widget-container\">\n\t\t\t\t\t\t\t<div class=\"elementor-spacer\">\n\t\t\t<div class=\"elementor-spacer-inner\"><\/div>\n\t\t<\/div>\n\t\t\t\t\t\t<\/div>\n\t\t\t\t<\/div>\n\t\t\t\t<div class=\"elementor-element elementor-element-533a2d7 elementor-invisible elementor-widget elementor-widget-text-editor\" data-id=\"533a2d7\" data-element_type=\"widget\" data-e-type=\"widget\" data-settings=\"{&quot;_animation&quot;:&quot;fadeInUp&quot;}\" data-widget_type=\"text-editor.default\">\n\t\t\t\t<div class=\"elementor-widget-container\">\n\t\t\t\t\t\t\t\t\t<p><strong>If you would like to keep updated with what\u2019s on at the ch\u00e2teau, why not follow us on instagram or facebook <a href=\"http:\/\/instagram.com\/chateaudebourneau\">@chateaudebourneau<\/a> or for our behind the scenes restoration, do check out our chateau life account <a href=\"http:\/\/instagram.com\/theintrepidchatelaine\">@theintrepidchatelaine<\/a>.<\/strong><\/p>\t\t\t\t\t\t\t\t<\/div>\n\t\t\t\t<\/div>\n\t\t\t\t<div class=\"elementor-element elementor-element-6a0527b elementor-widget elementor-widget-spacer\" data-id=\"6a0527b\" data-element_type=\"widget\" data-e-type=\"widget\" data-widget_type=\"spacer.default\">\n\t\t\t\t<div class=\"elementor-widget-container\">\n\t\t\t\t\t\t\t<div class=\"elementor-spacer\">\n\t\t\t<div class=\"elementor-spacer-inner\"><\/div>\n\t\t<\/div>\n\t\t\t\t\t\t<\/div>\n\t\t\t\t<\/div>\n\t\t\t\t\t<\/div>\n\t\t<\/div>\n\t\t\t\t\t<\/div>\n\t\t<\/section>\n\t\t\t\t<\/div>\n\t\t\n","protected":false},"excerpt":{"rendered":"","protected":false},"author":3,"featured_media":0,"parent":0,"menu_order":0,"comment_status":"closed","ping_status":"closed","template":"elementor_header_footer","meta":{"nf_dc_page":"","jetpack_post_was_ever_published":false,"footnotes":""},"class_list":["post-4092","page","type-page","status-publish","hentry"],"yoast_head":"<!-- This site is optimized with the Yoast SEO Premium plugin v25.5 (Yoast SEO v27.2) - https:\/\/yoast.com\/product\/yoast-seo-premium-wordpress\/ -->\n<title>History - Chateau de Bourneau<\/title>\n<meta name=\"robots\" content=\"index, follow, max-snippet:-1, max-image-preview:large, max-video-preview:-1\" \/>\n<link rel=\"canonical\" href=\"https:\/\/chateaudebourneau.com\/en_gb\/history\/\" \/>\n<meta property=\"og:locale\" content=\"en_GB\" \/>\n<meta property=\"og:type\" content=\"article\" \/>\n<meta property=\"og:title\" content=\"History\" \/>\n<meta property=\"og:url\" content=\"https:\/\/chateaudebourneau.com\/en_gb\/history\/\" \/>\n<meta property=\"og:site_name\" content=\"Chateau de Bourneau\" \/>\n<meta property=\"article:publisher\" content=\"https:\/\/www.facebook.com\/Chateaudebourneau\/\" \/>\n<meta property=\"article:modified_time\" content=\"2021-06-07T15:51:04+00:00\" \/>\n<meta name=\"twitter:card\" content=\"summary_large_image\" \/>\n<script type=\"application\/ld+json\" class=\"yoast-schema-graph\">{\"@context\":\"https:\/\/schema.org\",\"@graph\":[{\"@type\":\"WebPage\",\"@id\":\"https:\/\/chateaudebourneau.com\/history\/\",\"url\":\"https:\/\/chateaudebourneau.com\/history\/\",\"name\":\"History - Chateau de Bourneau\",\"isPartOf\":{\"@id\":\"https:\/\/chateaudebourneau.com\/#website\"},\"datePublished\":\"2021-05-27T14:19:57+00:00\",\"dateModified\":\"2021-06-07T15:51:04+00:00\",\"breadcrumb\":{\"@id\":\"https:\/\/chateaudebourneau.com\/history\/#breadcrumb\"},\"inLanguage\":\"en-GB\",\"potentialAction\":[{\"@type\":\"ReadAction\",\"target\":[\"https:\/\/chateaudebourneau.com\/history\/\"]}]},{\"@type\":\"BreadcrumbList\",\"@id\":\"https:\/\/chateaudebourneau.com\/history\/#breadcrumb\",\"itemListElement\":[{\"@type\":\"ListItem\",\"position\":1,\"name\":\"Home\",\"item\":\"https:\/\/chateaudebourneau.com\/\"},{\"@type\":\"ListItem\",\"position\":2,\"name\":\"History\"}]},{\"@type\":\"WebSite\",\"@id\":\"https:\/\/chateaudebourneau.com\/#website\",\"url\":\"https:\/\/chateaudebourneau.com\/\",\"name\":\"chateaudebourneau\",\"description\":\"Holiday cottages, wedding - Grands gites de groupe en Vend\u00e9e\",\"publisher\":{\"@id\":\"https:\/\/chateaudebourneau.com\/#organization\"},\"potentialAction\":[{\"@type\":\"SearchAction\",\"target\":{\"@type\":\"EntryPoint\",\"urlTemplate\":\"https:\/\/chateaudebourneau.com\/?s={search_term_string}\"},\"query-input\":{\"@type\":\"PropertyValueSpecification\",\"valueRequired\":true,\"valueName\":\"search_term_string\"}}],\"inLanguage\":\"en-GB\"},{\"@type\":\"Organization\",\"@id\":\"https:\/\/chateaudebourneau.com\/#organization\",\"name\":\"Chateau de Bourneau\",\"url\":\"https:\/\/chateaudebourneau.com\/\",\"logo\":{\"@type\":\"ImageObject\",\"inLanguage\":\"en-GB\",\"@id\":\"https:\/\/chateaudebourneau.com\/#\/schema\/logo\/image\/\",\"url\":\"https:\/\/i0.wp.com\/chateaudebourneau.com\/wp-content\/uploads\/2021\/05\/logo-LIGHT-1.png?fit=842%2C835&ssl=1\",\"contentUrl\":\"https:\/\/i0.wp.com\/chateaudebourneau.com\/wp-content\/uploads\/2021\/05\/logo-LIGHT-1.png?fit=842%2C835&ssl=1\",\"width\":842,\"height\":835,\"caption\":\"Chateau de Bourneau\"},\"image\":{\"@id\":\"https:\/\/chateaudebourneau.com\/#\/schema\/logo\/image\/\"},\"sameAs\":[\"https:\/\/www.facebook.com\/Chateaudebourneau\/\",\"https:\/\/www.instagram.com\/chateaudebourneau\/\"]}]}<\/script>\n<!-- \/ Yoast SEO Premium plugin. -->","yoast_head_json":{"title":"History - Chateau de Bourneau","robots":{"index":"index","follow":"follow","max-snippet":"max-snippet:-1","max-image-preview":"max-image-preview:large","max-video-preview":"max-video-preview:-1"},"canonical":"https:\/\/chateaudebourneau.com\/en_gb\/history\/","og_locale":"en_GB","og_type":"article","og_title":"History","og_url":"https:\/\/chateaudebourneau.com\/en_gb\/history\/","og_site_name":"Chateau de Bourneau","article_publisher":"https:\/\/www.facebook.com\/Chateaudebourneau\/","article_modified_time":"2021-06-07T15:51:04+00:00","twitter_card":"summary_large_image","schema":{"@context":"https:\/\/schema.org","@graph":[{"@type":"WebPage","@id":"https:\/\/chateaudebourneau.com\/history\/","url":"https:\/\/chateaudebourneau.com\/history\/","name":"History - Chateau de Bourneau","isPartOf":{"@id":"https:\/\/chateaudebourneau.com\/#website"},"datePublished":"2021-05-27T14:19:57+00:00","dateModified":"2021-06-07T15:51:04+00:00","breadcrumb":{"@id":"https:\/\/chateaudebourneau.com\/history\/#breadcrumb"},"inLanguage":"en-GB","potentialAction":[{"@type":"ReadAction","target":["https:\/\/chateaudebourneau.com\/history\/"]}]},{"@type":"BreadcrumbList","@id":"https:\/\/chateaudebourneau.com\/history\/#breadcrumb","itemListElement":[{"@type":"ListItem","position":1,"name":"Home","item":"https:\/\/chateaudebourneau.com\/"},{"@type":"ListItem","position":2,"name":"History"}]},{"@type":"WebSite","@id":"https:\/\/chateaudebourneau.com\/#website","url":"https:\/\/chateaudebourneau.com\/","name":"chateaudebourneau","description":"Holiday cottages, wedding - Grands gites de groupe en Vend\u00e9e","publisher":{"@id":"https:\/\/chateaudebourneau.com\/#organization"},"potentialAction":[{"@type":"SearchAction","target":{"@type":"EntryPoint","urlTemplate":"https:\/\/chateaudebourneau.com\/?s={search_term_string}"},"query-input":{"@type":"PropertyValueSpecification","valueRequired":true,"valueName":"search_term_string"}}],"inLanguage":"en-GB"},{"@type":"Organization","@id":"https:\/\/chateaudebourneau.com\/#organization","name":"Chateau de Bourneau","url":"https:\/\/chateaudebourneau.com\/","logo":{"@type":"ImageObject","inLanguage":"en-GB","@id":"https:\/\/chateaudebourneau.com\/#\/schema\/logo\/image\/","url":"https:\/\/i0.wp.com\/chateaudebourneau.com\/wp-content\/uploads\/2021\/05\/logo-LIGHT-1.png?fit=842%2C835&ssl=1","contentUrl":"https:\/\/i0.wp.com\/chateaudebourneau.com\/wp-content\/uploads\/2021\/05\/logo-LIGHT-1.png?fit=842%2C835&ssl=1","width":842,"height":835,"caption":"Chateau de Bourneau"},"image":{"@id":"https:\/\/chateaudebourneau.com\/#\/schema\/logo\/image\/"},"sameAs":["https:\/\/www.facebook.com\/Chateaudebourneau\/","https:\/\/www.instagram.com\/chateaudebourneau\/"]}]}},"jetpack_sharing_enabled":true,"jetpack_shortlink":"https:\/\/wp.me\/Pahq6Q-140","_links":{"self":[{"href":"https:\/\/chateaudebourneau.com\/en_gb\/wp-json\/wp\/v2\/pages\/4092","targetHints":{"allow":["GET"]}}],"collection":[{"href":"https:\/\/chateaudebourneau.com\/en_gb\/wp-json\/wp\/v2\/pages"}],"about":[{"href":"https:\/\/chateaudebourneau.com\/en_gb\/wp-json\/wp\/v2\/types\/page"}],"author":[{"embeddable":true,"href":"https:\/\/chateaudebourneau.com\/en_gb\/wp-json\/wp\/v2\/users\/3"}],"replies":[{"embeddable":true,"href":"https:\/\/chateaudebourneau.com\/en_gb\/wp-json\/wp\/v2\/comments?post=4092"}],"version-history":[{"count":2,"href":"https:\/\/chateaudebourneau.com\/en_gb\/wp-json\/wp\/v2\/pages\/4092\/revisions"}],"predecessor-version":[{"id":4267,"href":"https:\/\/chateaudebourneau.com\/en_gb\/wp-json\/wp\/v2\/pages\/4092\/revisions\/4267"}],"wp:attachment":[{"href":"https:\/\/chateaudebourneau.com\/en_gb\/wp-json\/wp\/v2\/media?parent=4092"}],"curies":[{"name":"wp","href":"https:\/\/api.w.org\/{rel}","templated":true}]}}