{"id":4079,"date":"2021-05-27T14:14:58","date_gmt":"2021-05-27T14:14:58","guid":{"rendered":"https:\/\/chateaudebourneau.com\/?page_id=4079"},"modified":"2025-07-19T13:40:40","modified_gmt":"2025-07-19T13:40:40","slug":"sejour-au-chateau","status":"publish","type":"page","link":"https:\/\/chateaudebourneau.com\/fr\/sejour-au-chateau\/","title":{"rendered":"Chateau Stay"},"content":{"rendered":"<div data-elementor-type=\"single-page\" data-elementor-id=\"3807\" class=\"elementor elementor-3807\" data-elementor-post-type=\"elementor_library\">\n\t\t\t\t\t<section class=\"elementor-section elementor-top-section elementor-element elementor-element-9acb824 elementor-section-boxed elementor-section-height-default elementor-section-height-default\" data-id=\"9acb824\" data-element_type=\"section\" data-e-type=\"section\">\n\t\t\t\t\t\t<div class=\"elementor-container elementor-column-gap-default\">\n\t\t\t\t\t<div class=\"elementor-column elementor-col-100 elementor-top-column elementor-element elementor-element-e85a882\" data-id=\"e85a882\" data-element_type=\"column\" data-e-type=\"column\">\n\t\t\t<div class=\"elementor-widget-wrap elementor-element-populated\">\n\t\t\t\t\t\t<div class=\"elementor-element elementor-element-cc07fd7 elementor-widget elementor-widget-heading\" data-id=\"cc07fd7\" data-element_type=\"widget\" data-e-type=\"widget\" data-widget_type=\"heading.default\">\n\t\t\t\t<div class=\"elementor-widget-container\">\n\t\t\t\t\t<h2 class=\"elementor-heading-title elementor-size-default\">S\u00e9journez au Ch\u00e2teau<\/h2>\t\t\t\t<\/div>\n\t\t\t\t<\/div>\n\t\t\t\t\t<\/div>\n\t\t<\/div>\n\t\t\t\t\t<\/div>\n\t\t<\/section>\n\t\t\t\t<section class=\"elementor-section elementor-top-section elementor-element elementor-element-e53b025 elementor-hidden-desktop elementor-hidden-tablet elementor-section-boxed elementor-section-height-default elementor-section-height-default\" data-id=\"e53b025\" data-element_type=\"section\" data-e-type=\"section\">\n\t\t\t\t\t\t<div class=\"elementor-container elementor-column-gap-default\">\n\t\t\t\t\t<div class=\"elementor-column elementor-col-100 elementor-top-column elementor-element elementor-element-0569937\" data-id=\"0569937\" data-element_type=\"column\" data-e-type=\"column\">\n\t\t\t<div class=\"elementor-widget-wrap elementor-element-populated\">\n\t\t\t\t\t\t<div class=\"elementor-element elementor-element-4eb45b6 elementor-widget elementor-widget-text-editor\" data-id=\"4eb45b6\" data-element_type=\"widget\" data-e-type=\"widget\" data-widget_type=\"text-editor.default\">\n\t\t\t\t<div class=\"elementor-widget-container\">\n\t\t\t\t\t\t\t\t\t<p style=\"text-align: justify; text-align-last: center;\">Pour le moment le ch\u00e2teau est notre maison priv\u00e9e et les s\u00e9jours \u00e0 l'int\u00e9rieur du ch\u00e2teau sont r\u00e9serv\u00e9s \u00e0 la client\u00e8le de mariage et d'\u00e9v\u00e9nements priv\u00e9s uniquement. Cependant nous envisageons la mise en place d'une \u00ab\u00a0Exp\u00e9rience Ch\u00e2teau\u00a0\u00bb. Toutes les informations seront communiqu\u00e9es via notre newsletter le moment venu, n'h\u00e9sitez pas \u00e0 vous inscrire\u00a0!<\/p>\t\t\t\t\t\t\t\t<\/div>\n\t\t\t\t<\/div>\n\t\t\t\t\t<\/div>\n\t\t<\/div>\n\t\t\t\t\t<\/div>\n\t\t<\/section>\n\t\t\t\t<section class=\"elementor-section elementor-top-section elementor-element elementor-element-61488ab elementor-hidden-mobile elementor-section-boxed elementor-section-height-default elementor-section-height-default\" data-id=\"61488ab\" data-element_type=\"section\" data-e-type=\"section\">\n\t\t\t\t\t\t<div class=\"elementor-container elementor-column-gap-default\">\n\t\t\t\t\t<div class=\"elementor-column elementor-col-100 elementor-top-column elementor-element elementor-element-dd950aa\" data-id=\"dd950aa\" data-element_type=\"column\" data-e-type=\"column\">\n\t\t\t<div class=\"elementor-widget-wrap elementor-element-populated\">\n\t\t\t\t\t\t<div class=\"elementor-element elementor-element-a3eb583 elementor-widget elementor-widget-text-editor\" data-id=\"a3eb583\" data-element_type=\"widget\" data-e-type=\"widget\" data-widget_type=\"text-editor.default\">\n\t\t\t\t<div class=\"elementor-widget-container\">\n\t\t\t\t\t\t\t\t\t<p style=\"text-align: justify; text-align-last: center;\">Pour le moment le ch\u00e2teau est notre maison priv\u00e9e et les s\u00e9jours \u00e0 l'int\u00e9rieur du ch\u00e2teau sont r\u00e9serv\u00e9s \u00e0 la client\u00e8le de mariage et d'\u00e9v\u00e9nements priv\u00e9s uniquement. Cependant nous envisageons la mise en place d'une \u00ab\u00a0Exp\u00e9rience Ch\u00e2teau\u00a0\u00bb. Toutes les informations seront communiqu\u00e9es via notre newsletter le moment venu, n'h\u00e9sitez pas \u00e0 vous inscrire\u00a0!<\/p>\t\t\t\t\t\t\t\t<\/div>\n\t\t\t\t<\/div>\n\t\t\t\t\t<\/div>\n\t\t<\/div>\n\t\t\t\t\t<\/div>\n\t\t<\/section>\n\t\t\t\t<section class=\"elementor-section elementor-top-section elementor-element elementor-element-2154b37 elementor-section-boxed elementor-section-height-default elementor-section-height-default\" data-id=\"2154b37\" data-element_type=\"section\" data-e-type=\"section\">\n\t\t\t\t\t\t<div class=\"elementor-container elementor-column-gap-default\">\n\t\t\t\t\t<div class=\"elementor-column elementor-col-100 elementor-top-column elementor-element elementor-element-575143a\" data-id=\"575143a\" data-element_type=\"column\" data-e-type=\"column\">\n\t\t\t<div class=\"elementor-widget-wrap elementor-element-populated\">\n\t\t\t\t\t\t<div class=\"elementor-element elementor-element-a8a42fb elementor-widget elementor-widget-image\" data-id=\"a8a42fb\" data-element_type=\"widget\" data-e-type=\"widget\" data-widget_type=\"image.default\">\n\t\t\t\t<div class=\"elementor-widget-container\">\n\t\t\t\t\t\t\t\t\t\t\t\t\t\t\t<img decoding=\"async\" src=\"https:\/\/i0.wp.com\/chateaudebourneau.com\/wp-content\/uploads\/2021\/04\/wed7a.jpg?fit=800%2C800&#038;ssl=1\" title=\"\" alt=\"\" loading=\"lazy\" \/>\t\t\t\t\t\t\t\t\t\t\t\t\t\t\t<\/div>\n\t\t\t\t<\/div>\n\t\t\t\t\t<\/div>\n\t\t<\/div>\n\t\t\t\t\t<\/div>\n\t\t<\/section>\n\t\t\t\t<section class=\"elementor-section elementor-top-section elementor-element elementor-element-4bc11f4 elementor-section-boxed elementor-section-height-default elementor-section-height-default\" data-id=\"4bc11f4\" data-element_type=\"section\" data-e-type=\"section\">\n\t\t\t\t\t\t<div class=\"elementor-container elementor-column-gap-default\">\n\t\t\t\t\t<div class=\"elementor-column elementor-col-100 elementor-top-column elementor-element elementor-element-0af96e5\" data-id=\"0af96e5\" data-element_type=\"column\" data-e-type=\"column\">\n\t\t\t<div class=\"elementor-widget-wrap elementor-element-populated\">\n\t\t\t\t\t\t<div class=\"elementor-element elementor-element-32cdf2c elementor-widget-divider--view-line elementor-widget elementor-widget-divider\" data-id=\"32cdf2c\" data-element_type=\"widget\" data-e-type=\"widget\" data-widget_type=\"divider.default\">\n\t\t\t\t<div class=\"elementor-widget-container\">\n\t\t\t\t\t\t\t<div class=\"elementor-divider\">\n\t\t\t<span class=\"elementor-divider-separator\">\n\t\t\t\t\t\t<\/span>\n\t\t<\/div>\n\t\t\t\t\t\t<\/div>\n\t\t\t\t<\/div>\n\t\t\t\t\t<\/div>\n\t\t<\/div>\n\t\t\t\t\t<\/div>\n\t\t<\/section>\n\t\t\t\t<section class=\"elementor-section elementor-top-section elementor-element elementor-element-4ff7f4f elementor-section-boxed elementor-section-height-default elementor-section-height-default\" data-id=\"4ff7f4f\" data-element_type=\"section\" data-e-type=\"section\">\n\t\t\t\t\t\t<div class=\"elementor-container elementor-column-gap-default\">\n\t\t\t\t\t<div class=\"elementor-column elementor-col-100 elementor-top-column elementor-element elementor-element-2c72beb\" data-id=\"2c72beb\" data-element_type=\"column\" data-e-type=\"column\">\n\t\t\t<div class=\"elementor-widget-wrap elementor-element-populated\">\n\t\t\t\t\t\t<div class=\"elementor-element elementor-element-16beb4e elementor-widget elementor-widget-shortcode\" data-id=\"16beb4e\" data-element_type=\"widget\" data-e-type=\"widget\" data-widget_type=\"shortcode.default\">\n\t\t\t\t<div class=\"elementor-widget-container\">\n\t\t\t\t\t\t\t<div class=\"elementor-shortcode\"><div\n\t\t\t\tid=\"hustle-embedded-id-5\"\n\t\t\t\tclass=\"hustle-ui hustle-inline hustle-palette--gray_slate hustle_module_id_5 module_id_5   hustle-size--custom\"\n\t\t\t\t\n\t\t\tdata-id=\"5\"\n\t\t\tdata-render-id=\"0\"\n\t\t\tdata-tracking=\"disabled\"\n\t\t\t\n\t\t\t\tdata-intro=\"no_animation\"\n\t\t\t\tdata-sub-type=\"shortcode\"\n\t\t\t\t\n\t\t\t\tstyle=\"opacity: 0;\"\n\t\t\t\taria-label=\"SUBSCRIBE TO OUR NEWSLETTER popup\"\n\t\t\t><div class=\"hustle-inline-content\"><div class=\"hustle-optin hustle-optin--default\"><div class=\"hustle-success\" data-close-delay=\"false\" style=\"display: none;\"><span class=\"hustle-icon-check\" aria-hidden=\"true\"><\/span><div class=\"hustle-success-content\"><\/div><\/div><div class=\"hustle-layout\"><div class=\"hustle-main-wrapper\"><div class=\"hustle-layout-body\"><div class=\"hustle-layout-content hustle-layout-position--left\"><div class=\"hustle-content\"><div class=\"hustle-content-wrap\"><div class=\"hustle-group-title\"><h3 class=\"hustle-title\">INSCRIVEZ-VOUS A NOTRE NEWSLETTER<\/h3><\/div><\/div><\/div><\/div><form class=\"hustle-layout-form\" novalidate=\"novalidate\" action=\"\"><div class=\"hustle-form\"><div class=\"hustle-form-fields hustle-proximity-separated\"><div class=\"hustle-field hustle-field-icon--static hustle-field-required\"><label for=\"hustle-field-name-module-5\" id=\"hustle-field-name-module-5-label\" class=\"hustle-screen-reader\">Nom<\/label><input id=\"hustle-field-name-module-5\" type=\"name\" class=\"hustle-input\" name=\"name\" value=\"\" aria-labelledby=\"hustle-field-name-module-5-label\" data-validate=\"\" data-required-error=\"Your name is required.\" \/><span class=\"hustle-input-label\" aria-hidden=\"true\" style=\"flex-flow: row nowrap;\"><span class=\"hustle-icon-name\"><\/span><span>nom<\/span><\/span><\/div><div class=\"hustle-field hustle-field-icon--static hustle-field-required\"><label for=\"hustle-field-email-module-5\" id=\"hustle-field-email-module-5-label\" class=\"hustle-screen-reader\">Your email<\/label><input id=\"hustle-field-email-module-5\" type=\"email\" class=\"hustle-input\" name=\"email\" value=\"\" aria-labelledby=\"hustle-field-email-module-5-label\" data-validate=\"1\" data-required-error=\"Your email is required.\" data-validation-error=\"Please enter a valid email.\" \/><span class=\"hustle-input-label\" aria-hidden=\"true\" style=\"flex-flow: row nowrap;\"><span class=\"hustle-icon-email\"><\/span><span>email<\/span><\/span><\/div><button class=\"hustle-button hustle-button-submit\" aria-live=\"polite\" data-loading-text=\"Form is being submitted, please wait a bit.\"><span class=\"hustle-button-text\">Envoyer<\/span><span class=\"hustle-icon-loader hustle-loading-icon\" aria-hidden=\"true\"><\/span><\/button><\/div><\/div><input type=\"hidden\" name=\"hustle_module_id\" value=\"5\"><input type=\"hidden\" name=\"post_id\" value=\"0\"><input type=\"hidden\" name=\"hustle_sub_type\" value=\"shortcode\"><div class=\"hustle-error-message\" style=\"display: none;\" data-default-error=\"Something went wrong, please try again.\"><\/div><input type=\"hidden\" name=\"trp-form-language\" value=\"fr\"\/><\/form><\/div><\/div><\/div><\/div><\/div><\/div><\/div>\n\t\t\t\t\t\t<\/div>\n\t\t\t\t<\/div>\n\t\t\t\t\t<\/div>\n\t\t<\/div>\n\t\t\t\t\t<\/div>\n\t\t<\/section>\n\t\t\t\t<section class=\"elementor-section elementor-top-section elementor-element elementor-element-0e36888 elementor-section-boxed elementor-section-height-default elementor-section-height-default\" data-id=\"0e36888\" data-element_type=\"section\" data-e-type=\"section\">\n\t\t\t\t\t\t<div class=\"elementor-container elementor-column-gap-default\">\n\t\t\t\t\t<div class=\"elementor-column elementor-col-100 elementor-top-column elementor-element elementor-element-370d736\" data-id=\"370d736\" data-element_type=\"column\" data-e-type=\"column\">\n\t\t\t<div class=\"elementor-widget-wrap elementor-element-populated\">\n\t\t\t\t\t\t<div class=\"elementor-element elementor-element-b9552a8 elementor-widget elementor-widget-spacer\" data-id=\"b9552a8\" data-element_type=\"widget\" data-e-type=\"widget\" data-widget_type=\"spacer.default\">\n\t\t\t\t<div class=\"elementor-widget-container\">\n\t\t\t\t\t\t\t<div class=\"elementor-spacer\">\n\t\t\t<div class=\"elementor-spacer-inner\"><\/div>\n\t\t<\/div>\n\t\t\t\t\t\t<\/div>\n\t\t\t\t<\/div>\n\t\t\t\t\t<\/div>\n\t\t<\/div>\n\t\t\t\t\t<\/div>\n\t\t<\/section>\n\t\t\t\t<\/div>\n\t\t\n\n\n\n<p><\/p>","protected":false},"excerpt":{"rendered":"","protected":false},"author":3,"featured_media":0,"parent":0,"menu_order":0,"comment_status":"closed","ping_status":"closed","template":"elementor_header_footer","meta":{"nf_dc_page":"","jetpack_post_was_ever_published":false,"footnotes":""},"class_list":["post-4079","page","type-page","status-publish","hentry"],"yoast_head":"<!-- This site is optimized with the Yoast SEO Premium plugin v25.5 (Yoast SEO v27.2) - https:\/\/yoast.com\/product\/yoast-seo-premium-wordpress\/ -->\n<title>Chateau Stay: A Perfect Getaway Destination - Chateau de Bourneau<\/title>\n<meta name=\"description\" content=\"Plan your dream escape with a delightful chateau stay, perfect for those seeking beauty and tranquility.\" \/>\n<meta name=\"robots\" content=\"index, follow, max-snippet:-1, max-image-preview:large, max-video-preview:-1\" \/>\n<link rel=\"canonical\" href=\"https:\/\/chateaudebourneau.com\/fr\/sejour-au-chateau\/\" \/>\n<meta property=\"og:locale\" content=\"fr_FR\" \/>\n<meta property=\"og:type\" content=\"article\" \/>\n<meta property=\"og:title\" content=\"Chateau Stay\" \/>\n<meta property=\"og:description\" content=\"Plan your dream escape with a delightful chateau stay, perfect for those seeking beauty and tranquility.\" \/>\n<meta property=\"og:url\" content=\"https:\/\/chateaudebourneau.com\/fr\/sejour-au-chateau\/\" \/>\n<meta property=\"og:site_name\" content=\"Chateau de Bourneau\" \/>\n<meta property=\"article:publisher\" content=\"https:\/\/www.facebook.com\/Chateaudebourneau\/\" \/>\n<meta property=\"article:modified_time\" content=\"2025-07-19T13:40:40+00:00\" \/>\n<meta name=\"twitter:card\" content=\"summary_large_image\" \/>\n<meta name=\"twitter:label1\" content=\"Dur\u00e9e de lecture estim\u00e9e\" \/>\n\t<meta name=\"twitter:data1\" content=\"1 minute\" \/>\n<script type=\"application\/ld+json\" class=\"yoast-schema-graph\">{\"@context\":\"https:\/\/schema.org\",\"@graph\":[{\"@type\":\"WebPage\",\"@id\":\"https:\/\/chateaudebourneau.com\/chateau-stay\/\",\"url\":\"https:\/\/chateaudebourneau.com\/chateau-stay\/\",\"name\":\"Chateau Stay: A Perfect Getaway Destination - Chateau de Bourneau\",\"isPartOf\":{\"@id\":\"https:\/\/chateaudebourneau.com\/#website\"},\"datePublished\":\"2021-05-27T14:14:58+00:00\",\"dateModified\":\"2025-07-19T13:40:40+00:00\",\"description\":\"Plan your dream escape with a delightful chateau stay, perfect for those seeking beauty and tranquility.\",\"breadcrumb\":{\"@id\":\"https:\/\/chateaudebourneau.com\/chateau-stay\/#breadcrumb\"},\"inLanguage\":\"fr-FR\",\"potentialAction\":[{\"@type\":\"ReadAction\",\"target\":[\"https:\/\/chateaudebourneau.com\/chateau-stay\/\"]}]},{\"@type\":\"BreadcrumbList\",\"@id\":\"https:\/\/chateaudebourneau.com\/chateau-stay\/#breadcrumb\",\"itemListElement\":[{\"@type\":\"ListItem\",\"position\":1,\"name\":\"Home\",\"item\":\"https:\/\/chateaudebourneau.com\/\"},{\"@type\":\"ListItem\",\"position\":2,\"name\":\"Chateau Stay\"}]},{\"@type\":\"WebSite\",\"@id\":\"https:\/\/chateaudebourneau.com\/#website\",\"url\":\"https:\/\/chateaudebourneau.com\/\",\"name\":\"chateaudebourneau\",\"description\":\"Holiday cottages, wedding - Grands gites de groupe en Vend\u00e9e\",\"publisher\":{\"@id\":\"https:\/\/chateaudebourneau.com\/#organization\"},\"potentialAction\":[{\"@type\":\"SearchAction\",\"target\":{\"@type\":\"EntryPoint\",\"urlTemplate\":\"https:\/\/chateaudebourneau.com\/?s={search_term_string}\"},\"query-input\":{\"@type\":\"PropertyValueSpecification\",\"valueRequired\":true,\"valueName\":\"search_term_string\"}}],\"inLanguage\":\"fr-FR\"},{\"@type\":\"Organization\",\"@id\":\"https:\/\/chateaudebourneau.com\/#organization\",\"name\":\"Chateau de Bourneau\",\"url\":\"https:\/\/chateaudebourneau.com\/\",\"logo\":{\"@type\":\"ImageObject\",\"inLanguage\":\"fr-FR\",\"@id\":\"https:\/\/chateaudebourneau.com\/#\/schema\/logo\/image\/\",\"url\":\"https:\/\/i0.wp.com\/chateaudebourneau.com\/wp-content\/uploads\/2021\/05\/logo-LIGHT-1.png?fit=842%2C835&ssl=1\",\"contentUrl\":\"https:\/\/i0.wp.com\/chateaudebourneau.com\/wp-content\/uploads\/2021\/05\/logo-LIGHT-1.png?fit=842%2C835&ssl=1\",\"width\":842,\"height\":835,\"caption\":\"Chateau de Bourneau\"},\"image\":{\"@id\":\"https:\/\/chateaudebourneau.com\/#\/schema\/logo\/image\/\"},\"sameAs\":[\"https:\/\/www.facebook.com\/Chateaudebourneau\/\",\"https:\/\/www.instagram.com\/chateaudebourneau\/\"]}]}<\/script>\n<!-- \/ Yoast SEO Premium plugin. -->","yoast_head_json":{"title":"Chateau Stay: A Perfect Getaway Destination - Chateau de Bourneau","description":"Plan your dream escape with a delightful chateau stay, perfect for those seeking beauty and tranquility.","robots":{"index":"index","follow":"follow","max-snippet":"max-snippet:-1","max-image-preview":"max-image-preview:large","max-video-preview":"max-video-preview:-1"},"canonical":"https:\/\/chateaudebourneau.com\/fr\/sejour-au-chateau\/","og_locale":"fr_FR","og_type":"article","og_title":"Chateau Stay","og_description":"Plan your dream escape with a delightful chateau stay, perfect for those seeking beauty and tranquility.","og_url":"https:\/\/chateaudebourneau.com\/fr\/sejour-au-chateau\/","og_site_name":"Chateau de Bourneau","article_publisher":"https:\/\/www.facebook.com\/Chateaudebourneau\/","article_modified_time":"2025-07-19T13:40:40+00:00","twitter_card":"summary_large_image","twitter_misc":{"Dur\u00e9e de lecture estim\u00e9e":"1 minute"},"schema":{"@context":"https:\/\/schema.org","@graph":[{"@type":"WebPage","@id":"https:\/\/chateaudebourneau.com\/chateau-stay\/","url":"https:\/\/chateaudebourneau.com\/chateau-stay\/","name":"Chateau Stay: A Perfect Getaway Destination - Chateau de Bourneau","isPartOf":{"@id":"https:\/\/chateaudebourneau.com\/#website"},"datePublished":"2021-05-27T14:14:58+00:00","dateModified":"2025-07-19T13:40:40+00:00","description":"Plan your dream escape with a delightful chateau stay, perfect for those seeking beauty and tranquility.","breadcrumb":{"@id":"https:\/\/chateaudebourneau.com\/chateau-stay\/#breadcrumb"},"inLanguage":"fr-FR","potentialAction":[{"@type":"ReadAction","target":["https:\/\/chateaudebourneau.com\/chateau-stay\/"]}]},{"@type":"BreadcrumbList","@id":"https:\/\/chateaudebourneau.com\/chateau-stay\/#breadcrumb","itemListElement":[{"@type":"ListItem","position":1,"name":"Home","item":"https:\/\/chateaudebourneau.com\/"},{"@type":"ListItem","position":2,"name":"Chateau Stay"}]},{"@type":"WebSite","@id":"https:\/\/chateaudebourneau.com\/#website","url":"https:\/\/chateaudebourneau.com\/","name":"chateaudebourneau","description":"Grands gites de groupe en Vend\u00e9e","publisher":{"@id":"https:\/\/chateaudebourneau.com\/#organization"},"potentialAction":[{"@type":"SearchAction","target":{"@type":"EntryPoint","urlTemplate":"https:\/\/chateaudebourneau.com\/?s={search_term_string}"},"query-input":{"@type":"PropertyValueSpecification","valueRequired":true,"valueName":"search_term_string"}}],"inLanguage":"fr-FR"},{"@type":"Organization","@id":"https:\/\/chateaudebourneau.com\/#organization","name":"Chateau de Bourneau","url":"https:\/\/chateaudebourneau.com\/","logo":{"@type":"ImageObject","inLanguage":"fr-FR","@id":"https:\/\/chateaudebourneau.com\/#\/schema\/logo\/image\/","url":"https:\/\/i0.wp.com\/chateaudebourneau.com\/wp-content\/uploads\/2021\/05\/logo-LIGHT-1.png?fit=842%2C835&ssl=1","contentUrl":"https:\/\/i0.wp.com\/chateaudebourneau.com\/wp-content\/uploads\/2021\/05\/logo-LIGHT-1.png?fit=842%2C835&ssl=1","width":842,"height":835,"caption":"Chateau de Bourneau"},"image":{"@id":"https:\/\/chateaudebourneau.com\/#\/schema\/logo\/image\/"},"sameAs":["https:\/\/www.facebook.com\/Chateaudebourneau\/","https:\/\/www.instagram.com\/chateaudebourneau\/"]}]}},"jetpack_sharing_enabled":true,"jetpack_shortlink":"https:\/\/wp.me\/Pahq6Q-13N","_links":{"self":[{"href":"https:\/\/chateaudebourneau.com\/fr\/wp-json\/wp\/v2\/pages\/4079","targetHints":{"allow":["GET"]}}],"collection":[{"href":"https:\/\/chateaudebourneau.com\/fr\/wp-json\/wp\/v2\/pages"}],"about":[{"href":"https:\/\/chateaudebourneau.com\/fr\/wp-json\/wp\/v2\/types\/page"}],"author":[{"embeddable":true,"href":"https:\/\/chateaudebourneau.com\/fr\/wp-json\/wp\/v2\/users\/3"}],"replies":[{"embeddable":true,"href":"https:\/\/chateaudebourneau.com\/fr\/wp-json\/wp\/v2\/comments?post=4079"}],"version-history":[{"count":0,"href":"https:\/\/chateaudebourneau.com\/fr\/wp-json\/wp\/v2\/pages\/4079\/revisions"}],"wp:attachment":[{"href":"https:\/\/chateaudebourneau.com\/fr\/wp-json\/wp\/v2\/media?parent=4079"}],"curies":[{"name":"wp","href":"https:\/\/api.w.org\/{rel}","templated":true}]}}