{"id":4092,"date":"2021-05-27T14:19:57","date_gmt":"2021-05-27T14:19:57","guid":{"rendered":"https:\/\/chateaudebourneau.com\/?page_id=4092"},"modified":"2021-06-07T15:51:04","modified_gmt":"2021-06-07T15:51:04","slug":"history","status":"publish","type":"page","link":"https:\/\/chateaudebourneau.com\/fr\/history\/","title":{"rendered":"Histoire"},"content":{"rendered":"<div data-elementor-type=\"single-page\" data-elementor-id=\"3585\" class=\"elementor elementor-3585\" data-elementor-post-type=\"elementor_library\">\n\t\t\t\t\t<section class=\"elementor-section elementor-top-section elementor-element elementor-element-507f20e elementor-section-boxed elementor-section-height-default elementor-section-height-default\" data-id=\"507f20e\" data-element_type=\"section\" data-e-type=\"section\" data-settings=\"{&quot;background_background&quot;:&quot;classic&quot;}\">\n\t\t\t\t\t\t<div class=\"elementor-container elementor-column-gap-default\">\n\t\t\t\t\t<div class=\"elementor-column elementor-col-100 elementor-top-column elementor-element elementor-element-ee33627\" data-id=\"ee33627\" data-element_type=\"column\" data-e-type=\"column\">\n\t\t\t<div class=\"elementor-widget-wrap elementor-element-populated\">\n\t\t\t\t\t\t<div class=\"elementor-element elementor-element-a275f03 elementor-widget elementor-widget-heading\" data-id=\"a275f03\" data-element_type=\"widget\" data-e-type=\"widget\" data-widget_type=\"heading.default\">\n\t\t\t\t<div class=\"elementor-widget-container\">\n\t\t\t\t\t<h2 class=\"elementor-heading-title elementor-size-xxl\">Histoire<\/h2>\t\t\t\t<\/div>\n\t\t\t\t<\/div>\n\t\t\t\t\t<\/div>\n\t\t<\/div>\n\t\t\t\t\t<\/div>\n\t\t<\/section>\n\t\t\t\t<section class=\"elementor-section elementor-top-section elementor-element elementor-element-4c5559b elementor-section-boxed elementor-section-height-default elementor-section-height-default\" data-id=\"4c5559b\" data-element_type=\"section\" data-e-type=\"section\">\n\t\t\t\t\t\t<div class=\"elementor-container elementor-column-gap-default\">\n\t\t\t\t\t<div class=\"elementor-column elementor-col-100 elementor-top-column elementor-element elementor-element-308c113\" data-id=\"308c113\" data-element_type=\"column\" data-e-type=\"column\">\n\t\t\t<div class=\"elementor-widget-wrap elementor-element-populated\">\n\t\t\t\t\t\t<div class=\"elementor-element elementor-element-82d218e elementor-widget elementor-widget-spacer\" data-id=\"82d218e\" data-element_type=\"widget\" data-e-type=\"widget\" data-widget_type=\"spacer.default\">\n\t\t\t\t<div class=\"elementor-widget-container\">\n\t\t\t\t\t\t\t<div class=\"elementor-spacer\">\n\t\t\t<div class=\"elementor-spacer-inner\"><\/div>\n\t\t<\/div>\n\t\t\t\t\t\t<\/div>\n\t\t\t\t<\/div>\n\t\t\t\t\t<\/div>\n\t\t<\/div>\n\t\t\t\t\t<\/div>\n\t\t<\/section>\n\t\t\t\t<section class=\"elementor-section elementor-top-section elementor-element elementor-element-820ea44 elementor-section-boxed elementor-section-height-default elementor-section-height-default\" data-id=\"820ea44\" data-element_type=\"section\" data-e-type=\"section\">\n\t\t\t\t\t\t<div class=\"elementor-container elementor-column-gap-default\">\n\t\t\t\t\t<div class=\"elementor-column elementor-col-100 elementor-top-column elementor-element elementor-element-c313209\" data-id=\"c313209\" data-element_type=\"column\" data-e-type=\"column\">\n\t\t\t<div class=\"elementor-widget-wrap elementor-element-populated\">\n\t\t\t\t\t\t<div class=\"elementor-element elementor-element-0c0bf29 elementor-invisible elementor-widget elementor-widget-text-editor\" data-id=\"0c0bf29\" data-element_type=\"widget\" data-e-type=\"widget\" data-settings=\"{&quot;_animation&quot;:&quot;fadeInUp&quot;}\" data-widget_type=\"text-editor.default\">\n\t\t\t\t<div class=\"elementor-widget-container\">\n\t\t\t\t\t\t\t\t\t<p>L'existence d'un ch\u00e2teau \u00e0 cet endroit est attest\u00e9e depuis 1464, date \u00e0 laquelle Jacquette de la Ram\u00e9e, dame de Bourneau, re\u00e7ut l'autorisation du roi Louis XI de faire construire un ch\u00e2teau fort \u00e0 Bourneau. Cependant, il ne reste de cet ancien ch\u00e2teau que les quatre tourelles qui d\u00e9limitent les douves et les fondations vo\u00fbt\u00e9es sur lesquelles est construit le ch\u00e2teau actuel. Malheureusement nous n'avons \u00e0 ce jour aucun document ou plan du ch\u00e2teau d'origine. Le ch\u00e2teau actuel correspond au style de la Premi\u00e8re Renaissance fran\u00e7aise bien qu'il fut construit au XIX\u00e8me si\u00e8cle.<\/p><p>Edmond M\u00f6ller, un gentilhomme local, h\u00e9rite des terres de Bourneau par la famille de sa m\u00e8re et demande au c\u00e9l\u00e8bre architecte local, Ars\u00e8ne Charier, de construire le ch\u00e2teau actuel en 1863. Les travaux de construction commencent en 1869 et s'ach\u00e8vent en 1870. Ars\u00e8ne Charier s'inspire des nombreux ch\u00e2teaux de la Loire, notamment celui d'Azay-le-Rideau ainsi que le ch\u00e2teau d'Anet. La conception Renaissance de ce ch\u00e2teau est unique dans cette r\u00e9gion.\u00a0<\/p><p>Bien qu'il n'est pas de fonction d\u00e9fensive, le ch\u00e2teau reprend des \u00e9l\u00e9ments artistiques des ch\u00e2teaux forts du Moyen-\u00c2ge. Les deux ailes sont construites \u00e0 angle droit sur une \u00eele carr\u00e9e avec quatre \"poivri\u00e8res\" (petites tourelles) \u00e0 chaque coin de l'\u00eele. L'\u00eele est entour\u00e9e d'un foss\u00e9, rempli par l'eau d'une source naturelle. La tourelle sud-ouest correspond \u00e0 l'escalier de service d'origine, qui illustre la forte inspiration Renaissance du ch\u00e2teau avec les empreintes de chaque marche de l'escalier en colima\u00e7on sur le mur ext\u00e9rieur de la tourelle. Les initiales d'Edmond M\u00f6ller et de son \u00e9pouse, Claire de Fontaines, sont sculpt\u00e9es dans l'\u00e9difice \u00e0 la mani\u00e8re de celles trouv\u00e9es \u00e0 Chambord par Fran\u00e7ois Ier. L'int\u00e9rieur du ch\u00e2teau, cependant, est dans le style plus simple de Napol\u00e9on III.<\/p>\t\t\t\t\t\t\t\t<\/div>\n\t\t\t\t<\/div>\n\t\t\t\t<div class=\"elementor-element elementor-element-0a59c8f elementor-widget elementor-widget-spacer\" data-id=\"0a59c8f\" data-element_type=\"widget\" data-e-type=\"widget\" data-widget_type=\"spacer.default\">\n\t\t\t\t<div class=\"elementor-widget-container\">\n\t\t\t\t\t\t\t<div class=\"elementor-spacer\">\n\t\t\t<div class=\"elementor-spacer-inner\"><\/div>\n\t\t<\/div>\n\t\t\t\t\t\t<\/div>\n\t\t\t\t<\/div>\n\t\t\t\t\t<\/div>\n\t\t<\/div>\n\t\t\t\t\t<\/div>\n\t\t<\/section>\n\t\t\t\t<section class=\"elementor-section elementor-top-section elementor-element elementor-element-cac2422 elementor-section-boxed elementor-section-height-default elementor-section-height-default\" data-id=\"cac2422\" data-element_type=\"section\" data-e-type=\"section\" data-settings=\"{&quot;background_background&quot;:&quot;classic&quot;}\">\n\t\t\t\t\t\t<div class=\"elementor-container elementor-column-gap-default\">\n\t\t\t\t\t<div class=\"elementor-column elementor-col-100 elementor-top-column elementor-element elementor-element-33c7e3c\" data-id=\"33c7e3c\" data-element_type=\"column\" data-e-type=\"column\">\n\t\t\t<div class=\"elementor-widget-wrap\">\n\t\t\t\t\t\t\t<\/div>\n\t\t<\/div>\n\t\t\t\t\t<\/div>\n\t\t<\/section>\n\t\t\t\t<section class=\"elementor-section elementor-top-section elementor-element elementor-element-1603fae elementor-section-boxed elementor-section-height-default elementor-section-height-default\" data-id=\"1603fae\" data-element_type=\"section\" data-e-type=\"section\">\n\t\t\t\t\t\t<div class=\"elementor-container elementor-column-gap-default\">\n\t\t\t\t\t<div class=\"elementor-column elementor-col-100 elementor-top-column elementor-element elementor-element-1ad6b0b\" data-id=\"1ad6b0b\" data-element_type=\"column\" data-e-type=\"column\">\n\t\t\t<div class=\"elementor-widget-wrap elementor-element-populated\">\n\t\t\t\t\t\t<div class=\"elementor-element elementor-element-2b96ea2 elementor-widget elementor-widget-spacer\" data-id=\"2b96ea2\" data-element_type=\"widget\" data-e-type=\"widget\" data-widget_type=\"spacer.default\">\n\t\t\t\t<div class=\"elementor-widget-container\">\n\t\t\t\t\t\t\t<div class=\"elementor-spacer\">\n\t\t\t<div class=\"elementor-spacer-inner\"><\/div>\n\t\t<\/div>\n\t\t\t\t\t\t<\/div>\n\t\t\t\t<\/div>\n\t\t\t\t<div class=\"elementor-element elementor-element-b450ff7 elementor-invisible elementor-widget elementor-widget-text-editor\" data-id=\"b450ff7\" data-element_type=\"widget\" data-e-type=\"widget\" data-settings=\"{&quot;_animation&quot;:&quot;fadeInUp&quot;}\" data-widget_type=\"text-editor.default\">\n\t\t\t\t<div class=\"elementor-widget-container\">\n\t\t\t\t\t\t\t\t\t<p>La fille d'Edmond et Claire M\u00f6ller, Marguerite M\u00f6ller, \u00e9pouse son cousin germain, Raymond de Fontaines. Ils ont deux enfants, leur fils unique, \u00e9galement Raymond de Fontaines, un po\u00e8te romantique, est tu\u00e9 pendant la premi\u00e8re guerre mondiale \u00e0 Thiaumont pr\u00e8s de Verdun le 1er juin 1916 \u00e0 l'\u00e2ge de 25 ans. Leur fille, Denise de Fontaines, \u00e9pouse le Baron Jean de Meyronnet de Saint-Marc mais elle meurt en 1954 sans laisser de descendance. A sa mort en 1956, \u00e0 l'\u00e2ge de 93 ans, Marguerite laisse le ch\u00e2teau de Bourneau et le domaine \u00e0 sa servante, Agn\u00e8s. Les terres sont alors divis\u00e9es et en 1963, Agn\u00e8s vend le Ch\u00e2teau \u00e0 la Fondation Mar\u00e9chal de Lattre de Tassigny, qui ouvre une maison de retraite pour les Alg\u00e9riens et Alg\u00e9riennes ayant combattu pour la France. La fondation prend le nom de \"Maison Raymond de Fontaines\" en sa m\u00e9moire.<\/p>\t\t\t\t\t\t\t\t<\/div>\n\t\t\t\t<\/div>\n\t\t\t\t<div class=\"elementor-element elementor-element-e3985ba elementor-widget elementor-widget-spacer\" data-id=\"e3985ba\" data-element_type=\"widget\" data-e-type=\"widget\" data-widget_type=\"spacer.default\">\n\t\t\t\t<div class=\"elementor-widget-container\">\n\t\t\t\t\t\t\t<div class=\"elementor-spacer\">\n\t\t\t<div class=\"elementor-spacer-inner\"><\/div>\n\t\t<\/div>\n\t\t\t\t\t\t<\/div>\n\t\t\t\t<\/div>\n\t\t\t\t\t<\/div>\n\t\t<\/div>\n\t\t\t\t\t<\/div>\n\t\t<\/section>\n\t\t\t\t<section class=\"elementor-section elementor-top-section elementor-element elementor-element-91f1ab3 elementor-section-full_width elementor-section-height-default elementor-section-height-default\" data-id=\"91f1ab3\" data-element_type=\"section\" data-e-type=\"section\" data-settings=\"{&quot;background_background&quot;:&quot;classic&quot;}\">\n\t\t\t\t\t\t<div class=\"elementor-container elementor-column-gap-default\">\n\t\t\t\t\t<div class=\"elementor-column elementor-col-100 elementor-top-column elementor-element elementor-element-1046559\" data-id=\"1046559\" data-element_type=\"column\" data-e-type=\"column\">\n\t\t\t<div class=\"elementor-widget-wrap\">\n\t\t\t\t\t\t\t<\/div>\n\t\t<\/div>\n\t\t\t\t\t<\/div>\n\t\t<\/section>\n\t\t\t\t<section class=\"elementor-section elementor-top-section elementor-element elementor-element-037e22b elementor-section-boxed elementor-section-height-default elementor-section-height-default\" data-id=\"037e22b\" data-element_type=\"section\" data-e-type=\"section\">\n\t\t\t\t\t\t<div class=\"elementor-container elementor-column-gap-default\">\n\t\t\t\t\t<div class=\"elementor-column elementor-col-100 elementor-top-column elementor-element elementor-element-561f526\" data-id=\"561f526\" data-element_type=\"column\" data-e-type=\"column\">\n\t\t\t<div class=\"elementor-widget-wrap elementor-element-populated\">\n\t\t\t\t\t\t<div class=\"elementor-element elementor-element-ce2afa6 elementor-widget elementor-widget-spacer\" data-id=\"ce2afa6\" data-element_type=\"widget\" data-e-type=\"widget\" data-widget_type=\"spacer.default\">\n\t\t\t\t<div class=\"elementor-widget-container\">\n\t\t\t\t\t\t\t<div class=\"elementor-spacer\">\n\t\t\t<div class=\"elementor-spacer-inner\"><\/div>\n\t\t<\/div>\n\t\t\t\t\t\t<\/div>\n\t\t\t\t<\/div>\n\t\t\t\t<div class=\"elementor-element elementor-element-31f944c elementor-invisible elementor-widget elementor-widget-text-editor\" data-id=\"31f944c\" data-element_type=\"widget\" data-e-type=\"widget\" data-settings=\"{&quot;_animation&quot;:&quot;fadeInUp&quot;}\" data-widget_type=\"text-editor.default\">\n\t\t\t\t<div class=\"elementor-widget-container\">\n\t\t\t\t\t\t\t\t\t<p>En 1967, les b\u00e2timents annexes (anciennes \u00e9curies, granges et boulangerie) sont enti\u00e8rement transform\u00e9s pour d\u00e9velopper l'activit\u00e9 de la Fondation dans l'accueil et le rapatriements des r\u00e9fugi\u00e9s de guerres venant du Vietnam, du Cambodge et du Laos. La Fondation ferme en 1997 et en juin 1998, le ch\u00e2teau est rachet\u00e9 par la petite ni\u00e8ce de Marguerite de Fontaines. En 2004, elle entreprend l'\u00e9norme t\u00e2che de r\u00e9nover le ch\u00e2teau et de transformer les d\u00e9pendances en 4 grandes maisons de vacances.<\/p>\t\t\t\t\t\t\t\t<\/div>\n\t\t\t\t<\/div>\n\t\t\t\t<div class=\"elementor-element elementor-element-3924dcb elementor-widget elementor-widget-spacer\" data-id=\"3924dcb\" data-element_type=\"widget\" data-e-type=\"widget\" data-widget_type=\"spacer.default\">\n\t\t\t\t<div class=\"elementor-widget-container\">\n\t\t\t\t\t\t\t<div class=\"elementor-spacer\">\n\t\t\t<div class=\"elementor-spacer-inner\"><\/div>\n\t\t<\/div>\n\t\t\t\t\t\t<\/div>\n\t\t\t\t<\/div>\n\t\t\t\t\t<\/div>\n\t\t<\/div>\n\t\t\t\t\t<\/div>\n\t\t<\/section>\n\t\t\t\t<section class=\"elementor-section elementor-top-section elementor-element elementor-element-502977c elementor-section-full_width elementor-section-height-default elementor-section-height-default\" data-id=\"502977c\" data-element_type=\"section\" data-e-type=\"section\" data-settings=\"{&quot;background_background&quot;:&quot;classic&quot;}\">\n\t\t\t\t\t\t<div class=\"elementor-container elementor-column-gap-default\">\n\t\t\t\t\t<div class=\"elementor-column elementor-col-100 elementor-top-column elementor-element elementor-element-db56a7e\" data-id=\"db56a7e\" data-element_type=\"column\" data-e-type=\"column\">\n\t\t\t<div class=\"elementor-widget-wrap\">\n\t\t\t\t\t\t\t<\/div>\n\t\t<\/div>\n\t\t\t\t\t<\/div>\n\t\t<\/section>\n\t\t\t\t<section class=\"elementor-section elementor-top-section elementor-element elementor-element-d690cfd elementor-section-boxed elementor-section-height-default elementor-section-height-default\" data-id=\"d690cfd\" data-element_type=\"section\" data-e-type=\"section\">\n\t\t\t\t\t\t<div class=\"elementor-container elementor-column-gap-default\">\n\t\t\t\t\t<div class=\"elementor-column elementor-col-100 elementor-top-column elementor-element elementor-element-73f4b77\" data-id=\"73f4b77\" data-element_type=\"column\" data-e-type=\"column\">\n\t\t\t<div class=\"elementor-widget-wrap elementor-element-populated\">\n\t\t\t\t\t\t<div class=\"elementor-element elementor-element-66471f2 elementor-widget elementor-widget-spacer\" data-id=\"66471f2\" data-element_type=\"widget\" data-e-type=\"widget\" data-widget_type=\"spacer.default\">\n\t\t\t\t<div class=\"elementor-widget-container\">\n\t\t\t\t\t\t\t<div class=\"elementor-spacer\">\n\t\t\t<div class=\"elementor-spacer-inner\"><\/div>\n\t\t<\/div>\n\t\t\t\t\t\t<\/div>\n\t\t\t\t<\/div>\n\t\t\t\t<div class=\"elementor-element elementor-element-2656fb0 elementor-invisible elementor-widget elementor-widget-text-editor\" data-id=\"2656fb0\" data-element_type=\"widget\" data-e-type=\"widget\" data-settings=\"{&quot;_animation&quot;:&quot;fadeInUp&quot;}\" data-widget_type=\"text-editor.default\">\n\t\t\t\t<div class=\"elementor-widget-container\">\n\t\t\t\t\t\t\t\t\t<p>En 2018, il est temps pour eux de passer le flambeau \u00e0 la prochaine g\u00e9n\u00e9ration et le ch\u00e2teau nous est donc vendu. Nous sommes passionn\u00e9s par l'histoire de ce magnifique morceau de patrimoine et travaillons \u00e0 le pr\u00e9server pour les g\u00e9n\u00e9rations futures. Le ch\u00e2teau est maintenant une maison familiale priv\u00e9e et une entreprise \u00e9v\u00e9nementiel, accueillant des mariages, des f\u00eates priv\u00e9es, des s\u00e9minaires, des retraites et des g\u00eetes de vacances.<\/p>\t\t\t\t\t\t\t\t<\/div>\n\t\t\t\t<\/div>\n\t\t\t\t\t<\/div>\n\t\t<\/div>\n\t\t\t\t\t<\/div>\n\t\t<\/section>\n\t\t\t\t<section class=\"elementor-section elementor-top-section elementor-element elementor-element-90304d4 elementor-section-boxed elementor-section-height-default elementor-section-height-default\" data-id=\"90304d4\" data-element_type=\"section\" data-e-type=\"section\">\n\t\t\t\t\t\t<div class=\"elementor-container elementor-column-gap-default\">\n\t\t\t\t\t<div class=\"elementor-column elementor-col-100 elementor-top-column elementor-element elementor-element-7ad509d\" data-id=\"7ad509d\" data-element_type=\"column\" data-e-type=\"column\">\n\t\t\t<div class=\"elementor-widget-wrap elementor-element-populated\">\n\t\t\t\t\t\t<div class=\"elementor-element elementor-element-382f21d elementor-widget elementor-widget-spacer\" data-id=\"382f21d\" data-element_type=\"widget\" data-e-type=\"widget\" data-widget_type=\"spacer.default\">\n\t\t\t\t<div class=\"elementor-widget-container\">\n\t\t\t\t\t\t\t<div class=\"elementor-spacer\">\n\t\t\t<div class=\"elementor-spacer-inner\"><\/div>\n\t\t<\/div>\n\t\t\t\t\t\t<\/div>\n\t\t\t\t<\/div>\n\t\t\t\t<div class=\"elementor-element elementor-element-533a2d7 elementor-invisible elementor-widget elementor-widget-text-editor\" data-id=\"533a2d7\" data-element_type=\"widget\" data-e-type=\"widget\" data-settings=\"{&quot;_animation&quot;:&quot;fadeInUp&quot;}\" data-widget_type=\"text-editor.default\">\n\t\t\t\t<div class=\"elementor-widget-container\">\n\t\t\t\t\t\t\t\t\t<p><strong>Pour vous tenir au courant de ce qui se passe au ch\u00e2teau, vous pouvez nous suivre sur Instagram ou Facebook <a href=\"http:\/\/instagram.com\/chateaudebourneau\">@chateaudebourneau<\/a> et pour un aper\u00e7u derri\u00e8re les portes du ch\u00e2teau, nous vous invitons \u00e0 consulter le compte Instagram <a href=\"http:\/\/instagram.com\/theintrepidchatelaine\">@theintrepidchatelaine<\/a>.<\/strong><\/p>\t\t\t\t\t\t\t\t<\/div>\n\t\t\t\t<\/div>\n\t\t\t\t<div class=\"elementor-element elementor-element-6a0527b elementor-widget elementor-widget-spacer\" data-id=\"6a0527b\" data-element_type=\"widget\" data-e-type=\"widget\" data-widget_type=\"spacer.default\">\n\t\t\t\t<div class=\"elementor-widget-container\">\n\t\t\t\t\t\t\t<div class=\"elementor-spacer\">\n\t\t\t<div class=\"elementor-spacer-inner\"><\/div>\n\t\t<\/div>\n\t\t\t\t\t\t<\/div>\n\t\t\t\t<\/div>\n\t\t\t\t\t<\/div>\n\t\t<\/div>\n\t\t\t\t\t<\/div>\n\t\t<\/section>\n\t\t\t\t<\/div>","protected":false},"excerpt":{"rendered":"","protected":false},"author":3,"featured_media":0,"parent":0,"menu_order":0,"comment_status":"closed","ping_status":"closed","template":"elementor_header_footer","meta":{"nf_dc_page":"","jetpack_post_was_ever_published":false,"footnotes":""},"class_list":["post-4092","page","type-page","status-publish","hentry"],"yoast_head":"<!-- This site is optimized with the Yoast SEO Premium plugin v25.5 (Yoast SEO v27.2) - https:\/\/yoast.com\/product\/yoast-seo-premium-wordpress\/ -->\n<title>History - Chateau de Bourneau<\/title>\n<meta name=\"robots\" content=\"index, follow, max-snippet:-1, max-image-preview:large, max-video-preview:-1\" \/>\n<link rel=\"canonical\" href=\"https:\/\/chateaudebourneau.com\/fr\/history\/\" \/>\n<meta property=\"og:locale\" content=\"fr_FR\" \/>\n<meta property=\"og:type\" content=\"article\" \/>\n<meta property=\"og:title\" content=\"History\" \/>\n<meta property=\"og:url\" content=\"https:\/\/chateaudebourneau.com\/fr\/history\/\" \/>\n<meta property=\"og:site_name\" content=\"Chateau de Bourneau\" \/>\n<meta property=\"article:publisher\" content=\"https:\/\/www.facebook.com\/Chateaudebourneau\/\" \/>\n<meta property=\"article:modified_time\" content=\"2021-06-07T15:51:04+00:00\" \/>\n<meta name=\"twitter:card\" content=\"summary_large_image\" \/>\n<script type=\"application\/ld+json\" class=\"yoast-schema-graph\">{\"@context\":\"https:\/\/schema.org\",\"@graph\":[{\"@type\":\"WebPage\",\"@id\":\"https:\/\/chateaudebourneau.com\/history\/\",\"url\":\"https:\/\/chateaudebourneau.com\/history\/\",\"name\":\"History - Chateau de Bourneau\",\"isPartOf\":{\"@id\":\"https:\/\/chateaudebourneau.com\/#website\"},\"datePublished\":\"2021-05-27T14:19:57+00:00\",\"dateModified\":\"2021-06-07T15:51:04+00:00\",\"breadcrumb\":{\"@id\":\"https:\/\/chateaudebourneau.com\/history\/#breadcrumb\"},\"inLanguage\":\"fr-FR\",\"potentialAction\":[{\"@type\":\"ReadAction\",\"target\":[\"https:\/\/chateaudebourneau.com\/history\/\"]}]},{\"@type\":\"BreadcrumbList\",\"@id\":\"https:\/\/chateaudebourneau.com\/history\/#breadcrumb\",\"itemListElement\":[{\"@type\":\"ListItem\",\"position\":1,\"name\":\"Home\",\"item\":\"https:\/\/chateaudebourneau.com\/\"},{\"@type\":\"ListItem\",\"position\":2,\"name\":\"History\"}]},{\"@type\":\"WebSite\",\"@id\":\"https:\/\/chateaudebourneau.com\/#website\",\"url\":\"https:\/\/chateaudebourneau.com\/\",\"name\":\"chateaudebourneau\",\"description\":\"Holiday cottages, wedding - Grands gites de groupe en Vend\u00e9e\",\"publisher\":{\"@id\":\"https:\/\/chateaudebourneau.com\/#organization\"},\"potentialAction\":[{\"@type\":\"SearchAction\",\"target\":{\"@type\":\"EntryPoint\",\"urlTemplate\":\"https:\/\/chateaudebourneau.com\/?s={search_term_string}\"},\"query-input\":{\"@type\":\"PropertyValueSpecification\",\"valueRequired\":true,\"valueName\":\"search_term_string\"}}],\"inLanguage\":\"fr-FR\"},{\"@type\":\"Organization\",\"@id\":\"https:\/\/chateaudebourneau.com\/#organization\",\"name\":\"Chateau de Bourneau\",\"url\":\"https:\/\/chateaudebourneau.com\/\",\"logo\":{\"@type\":\"ImageObject\",\"inLanguage\":\"fr-FR\",\"@id\":\"https:\/\/chateaudebourneau.com\/#\/schema\/logo\/image\/\",\"url\":\"https:\/\/i0.wp.com\/chateaudebourneau.com\/wp-content\/uploads\/2021\/05\/logo-LIGHT-1.png?fit=842%2C835&ssl=1\",\"contentUrl\":\"https:\/\/i0.wp.com\/chateaudebourneau.com\/wp-content\/uploads\/2021\/05\/logo-LIGHT-1.png?fit=842%2C835&ssl=1\",\"width\":842,\"height\":835,\"caption\":\"Chateau de Bourneau\"},\"image\":{\"@id\":\"https:\/\/chateaudebourneau.com\/#\/schema\/logo\/image\/\"},\"sameAs\":[\"https:\/\/www.facebook.com\/Chateaudebourneau\/\",\"https:\/\/www.instagram.com\/chateaudebourneau\/\"]}]}<\/script>\n<!-- \/ Yoast SEO Premium plugin. -->","yoast_head_json":{"title":"History - Chateau de Bourneau","robots":{"index":"index","follow":"follow","max-snippet":"max-snippet:-1","max-image-preview":"max-image-preview:large","max-video-preview":"max-video-preview:-1"},"canonical":"https:\/\/chateaudebourneau.com\/fr\/history\/","og_locale":"fr_FR","og_type":"article","og_title":"History","og_url":"https:\/\/chateaudebourneau.com\/fr\/history\/","og_site_name":"Chateau de Bourneau","article_publisher":"https:\/\/www.facebook.com\/Chateaudebourneau\/","article_modified_time":"2021-06-07T15:51:04+00:00","twitter_card":"summary_large_image","schema":{"@context":"https:\/\/schema.org","@graph":[{"@type":"WebPage","@id":"https:\/\/chateaudebourneau.com\/history\/","url":"https:\/\/chateaudebourneau.com\/history\/","name":"History - Chateau de Bourneau","isPartOf":{"@id":"https:\/\/chateaudebourneau.com\/#website"},"datePublished":"2021-05-27T14:19:57+00:00","dateModified":"2021-06-07T15:51:04+00:00","breadcrumb":{"@id":"https:\/\/chateaudebourneau.com\/history\/#breadcrumb"},"inLanguage":"fr-FR","potentialAction":[{"@type":"ReadAction","target":["https:\/\/chateaudebourneau.com\/history\/"]}]},{"@type":"BreadcrumbList","@id":"https:\/\/chateaudebourneau.com\/history\/#breadcrumb","itemListElement":[{"@type":"ListItem","position":1,"name":"Home","item":"https:\/\/chateaudebourneau.com\/"},{"@type":"ListItem","position":2,"name":"History"}]},{"@type":"WebSite","@id":"https:\/\/chateaudebourneau.com\/#website","url":"https:\/\/chateaudebourneau.com\/","name":"chateaudebourneau","description":"Grands gites de groupe en Vend\u00e9e","publisher":{"@id":"https:\/\/chateaudebourneau.com\/#organization"},"potentialAction":[{"@type":"SearchAction","target":{"@type":"EntryPoint","urlTemplate":"https:\/\/chateaudebourneau.com\/?s={search_term_string}"},"query-input":{"@type":"PropertyValueSpecification","valueRequired":true,"valueName":"search_term_string"}}],"inLanguage":"fr-FR"},{"@type":"Organization","@id":"https:\/\/chateaudebourneau.com\/#organization","name":"Chateau de Bourneau","url":"https:\/\/chateaudebourneau.com\/","logo":{"@type":"ImageObject","inLanguage":"fr-FR","@id":"https:\/\/chateaudebourneau.com\/#\/schema\/logo\/image\/","url":"https:\/\/i0.wp.com\/chateaudebourneau.com\/wp-content\/uploads\/2021\/05\/logo-LIGHT-1.png?fit=842%2C835&ssl=1","contentUrl":"https:\/\/i0.wp.com\/chateaudebourneau.com\/wp-content\/uploads\/2021\/05\/logo-LIGHT-1.png?fit=842%2C835&ssl=1","width":842,"height":835,"caption":"Chateau de Bourneau"},"image":{"@id":"https:\/\/chateaudebourneau.com\/#\/schema\/logo\/image\/"},"sameAs":["https:\/\/www.facebook.com\/Chateaudebourneau\/","https:\/\/www.instagram.com\/chateaudebourneau\/"]}]}},"jetpack_sharing_enabled":true,"jetpack_shortlink":"https:\/\/wp.me\/Pahq6Q-140","_links":{"self":[{"href":"https:\/\/chateaudebourneau.com\/fr\/wp-json\/wp\/v2\/pages\/4092","targetHints":{"allow":["GET"]}}],"collection":[{"href":"https:\/\/chateaudebourneau.com\/fr\/wp-json\/wp\/v2\/pages"}],"about":[{"href":"https:\/\/chateaudebourneau.com\/fr\/wp-json\/wp\/v2\/types\/page"}],"author":[{"embeddable":true,"href":"https:\/\/chateaudebourneau.com\/fr\/wp-json\/wp\/v2\/users\/3"}],"replies":[{"embeddable":true,"href":"https:\/\/chateaudebourneau.com\/fr\/wp-json\/wp\/v2\/comments?post=4092"}],"version-history":[{"count":0,"href":"https:\/\/chateaudebourneau.com\/fr\/wp-json\/wp\/v2\/pages\/4092\/revisions"}],"wp:attachment":[{"href":"https:\/\/chateaudebourneau.com\/fr\/wp-json\/wp\/v2\/media?parent=4092"}],"curies":[{"name":"wp","href":"https:\/\/api.w.org\/{rel}","templated":true}]}}