{"id":4094,"date":"2021-05-27T14:20:41","date_gmt":"2021-05-27T14:20:41","guid":{"rendered":"https:\/\/chateaudebourneau.com\/?page_id=4094"},"modified":"2025-07-19T14:23:55","modified_gmt":"2025-07-19T14:23:55","slug":"contact","status":"publish","type":"page","link":"https:\/\/chateaudebourneau.com\/fr\/contact\/","title":{"rendered":"Contact"},"content":{"rendered":"<div data-elementor-type=\"single-page\" data-elementor-id=\"3593\" class=\"elementor elementor-3593\" data-elementor-post-type=\"elementor_library\">\n\t\t\t\t\t<section class=\"elementor-section elementor-top-section elementor-element elementor-element-1c4cc4b elementor-section-boxed elementor-section-height-default elementor-section-height-default\" data-id=\"1c4cc4b\" data-element_type=\"section\" data-e-type=\"section\">\n\t\t\t\t\t\t<div class=\"elementor-container elementor-column-gap-default\">\n\t\t\t\t\t<div class=\"elementor-column elementor-col-100 elementor-top-column elementor-element elementor-element-eaf19fa\" data-id=\"eaf19fa\" data-element_type=\"column\" data-e-type=\"column\">\n\t\t\t<div class=\"elementor-widget-wrap elementor-element-populated\">\n\t\t\t\t\t\t<div class=\"elementor-element elementor-element-125c7cf elementor-widget elementor-widget-image\" data-id=\"125c7cf\" data-element_type=\"widget\" data-e-type=\"widget\" data-widget_type=\"image.default\">\n\t\t\t\t<div class=\"elementor-widget-container\">\n\t\t\t\t\t\t\t\t\t\t\t\t\t\t\t<img data-recalc-dims=\"1\" decoding=\"async\" src=\"https:\/\/i0.wp.com\/chateaudebourneau.com\/wp-content\/uploads\/2021\/03\/chateau-outline-feldgrau.png?w=640&#038;ssl=1\" title=\"\" alt=\"\" loading=\"lazy\" \/>\t\t\t\t\t\t\t\t\t\t\t\t\t\t\t<\/div>\n\t\t\t\t<\/div>\n\t\t\t\t<div class=\"elementor-element elementor-element-57cd074 elementor-widget elementor-widget-heading\" data-id=\"57cd074\" data-element_type=\"widget\" data-e-type=\"widget\" data-widget_type=\"heading.default\">\n\t\t\t\t<div class=\"elementor-widget-container\">\n\t\t\t\t\t<h2 class=\"elementor-heading-title elementor-size-default\">Contactez-nous<\/h2>\t\t\t\t<\/div>\n\t\t\t\t<\/div>\n\t\t\t\t\t<\/div>\n\t\t<\/div>\n\t\t\t\t\t<\/div>\n\t\t<\/section>\n\t\t\t\t<section class=\"elementor-section elementor-top-section elementor-element elementor-element-1f815d7 elementor-section-boxed elementor-section-height-default elementor-section-height-default\" data-id=\"1f815d7\" data-element_type=\"section\" data-e-type=\"section\">\n\t\t\t\t\t\t<div class=\"elementor-container elementor-column-gap-default\">\n\t\t\t\t\t<div class=\"elementor-column elementor-col-100 elementor-top-column elementor-element elementor-element-ebfd082\" data-id=\"ebfd082\" data-element_type=\"column\" data-e-type=\"column\">\n\t\t\t<div class=\"elementor-widget-wrap elementor-element-populated\">\n\t\t\t\t\t\t<div class=\"elementor-element elementor-element-f59fd4f elementor-widget elementor-widget-spacer\" data-id=\"f59fd4f\" data-element_type=\"widget\" data-e-type=\"widget\" data-widget_type=\"spacer.default\">\n\t\t\t\t<div class=\"elementor-widget-container\">\n\t\t\t\t\t\t\t<div class=\"elementor-spacer\">\n\t\t\t<div class=\"elementor-spacer-inner\"><\/div>\n\t\t<\/div>\n\t\t\t\t\t\t<\/div>\n\t\t\t\t<\/div>\n\t\t\t\t<div class=\"elementor-element elementor-element-9dacbc4 elementor-widget__width-initial elementor-widget elementor-widget-text-editor\" data-id=\"9dacbc4\" data-element_type=\"widget\" data-e-type=\"widget\" data-widget_type=\"text-editor.default\">\n\t\t\t\t<div class=\"elementor-widget-container\">\n\t\t\t\t\t\t\t\t\t<p>Pour toute demande, veuillez remplir le formulaire de contact ci-dessous, il sera envoy\u00e9 directement dans notre bo\u00eete de r\u00e9ception et nous vous r\u00e9pondrons d\u00e8s que possible.<\/p>\t\t\t\t\t\t\t\t<\/div>\n\t\t\t\t<\/div>\n\t\t\t\t\t<\/div>\n\t\t<\/div>\n\t\t\t\t\t<\/div>\n\t\t<\/section>\n\t\t\t\t<section class=\"elementor-section elementor-top-section elementor-element elementor-element-eea0ab0 elementor-section-content-middle elementor-section-boxed elementor-section-height-default elementor-section-height-default\" data-id=\"eea0ab0\" data-element_type=\"section\" data-e-type=\"section\">\n\t\t\t\t\t\t<div class=\"elementor-container elementor-column-gap-default\">\n\t\t\t\t\t<div class=\"elementor-column elementor-col-100 elementor-top-column elementor-element elementor-element-f03f4d7\" data-id=\"f03f4d7\" data-element_type=\"column\" data-e-type=\"column\">\n\t\t\t<div class=\"elementor-widget-wrap elementor-element-populated\">\n\t\t\t\t\t\t<div class=\"elementor-element elementor-element-eeee2de elementor-widget elementor-widget-wpforms\" data-id=\"eeee2de\" data-element_type=\"widget\" data-e-type=\"widget\" data-widget_type=\"wpforms.default\">\n\t\t\t\t<div class=\"elementor-widget-container\">\n\t\t\t\t\t<div class=\"wpforms-container wpforms-container-full\" id=\"wpforms-3290\"><form id=\"wpforms-form-3290\" class=\"wpforms-validate wpforms-form\" data-formid=\"3290\" method=\"post\" enctype=\"multipart\/form-data\" action=\"\/fr\/wp-json\/wp\/v2\/pages\/4094\" data-token=\"36a1533ec346d3018f9dcaa7f9e94699\" data-token-time=\"1776954188\" data-trp-original-action=\"\/fr\/wp-json\/wp\/v2\/pages\/4094\"><noscript class=\"wpforms-error-noscript\">Veuillez activer JavaScript dans votre navigateur pour remplir ce formulaire.<\/noscript><div class=\"wpforms-field-container\"><div id=\"wpforms-3290-field_0-container\" class=\"wpforms-field wpforms-field-name\" data-field-id=\"0\"><label class=\"wpforms-field-label\" for=\"wpforms-3290-field_0\">Nom <span class=\"wpforms-required-label\">*<\/span><\/label><div class=\"wpforms-field-row wpforms-field-large\"><div class=\"wpforms-field-row-block wpforms-first wpforms-one-half\"><input type=\"text\" id=\"wpforms-3290-field_0\" class=\"wpforms-field-name-first wpforms-field-required\" name=\"wpforms[fields][0][first]\" placeholder=\"Pr\u00e9nom\" required><label for=\"wpforms-3290-field_0\" class=\"wpforms-field-sublabel after wpforms-sublabel-hide\">Pr\u00e9nom<\/label><\/div><div class=\"wpforms-field-row-block wpforms-one-half\"><input type=\"text\" id=\"wpforms-3290-field_0-last\" class=\"wpforms-field-name-last wpforms-field-required\" name=\"wpforms[fields][0][last]\" placeholder=\"Nom\" required><label for=\"wpforms-3290-field_0-last\" class=\"wpforms-field-sublabel after wpforms-sublabel-hide\">Nom<\/label><\/div><\/div><\/div><div id=\"wpforms-3290-field_1-container\" class=\"wpforms-field wpforms-field-email\" data-field-id=\"1\"><label class=\"wpforms-field-label\" for=\"wpforms-3290-field_1\">Email <span class=\"wpforms-required-label\">*<\/span><\/label><input type=\"email\" id=\"wpforms-3290-field_1\" class=\"wpforms-field-large wpforms-field-required\" name=\"wpforms[fields][1]\" spellcheck=\"false\" required><\/div><div id=\"wpforms-3290-field_10-container\" class=\"wpforms-field wpforms-field-select wpforms-field-select-style-modern\" data-field-id=\"10\"><label class=\"wpforms-field-label\" for=\"wpforms-3290-field_10\">Votre demande concerne <span class=\"wpforms-required-label\">*<\/span><\/label><select id=\"wpforms-3290-field_10\" class=\"wpforms-field-medium wpforms-field-required choicesjs-select\" data-size-class=\"wpforms-field-row wpforms-field-medium\" data-search-enabled=\"\" name=\"wpforms[fields][10]\" required=\"required\"><option value=\"\" class=\"placeholder\" disabled selected='selected'><\/option><option value=\"Wedding Brochure\"  class=\"choice-1 depth-1\"  >Brochure de Mariage<\/option><option value=\"Professional or Private Events\"  class=\"choice-2 depth-1\"  >\u00c9v\u00e9nements priv\u00e9s ou professionnels<\/option><option value=\"Booking Holiday Cottages\"  class=\"choice-3 depth-1\"  >R\u00e9servation de g\u00eetes<\/option><option value=\"Media\"  class=\"choice-5 depth-1\"  >Presse<\/option><option value=\"Other\"  class=\"choice-4 depth-1\"  >Autres<\/option><\/select><\/div><div id=\"wpforms-3290-field_7-container\" class=\"wpforms-field wpforms-field-text\" data-field-id=\"7\"><label class=\"wpforms-field-label\" for=\"wpforms-3290-field_7\">Date souhait\u00e9e <\/label><input type=\"text\" id=\"wpforms-3290-field_7\" class=\"wpforms-field-medium\" name=\"wpforms[fields][7]\" placeholder=\"JJ\/MM\/AAAA\" ><\/div><div id=\"wpforms-3290-field_4-container\" class=\"wpforms-field wpforms-field-number-slider\" data-field-id=\"4\"><label class=\"wpforms-field-label\" for=\"wpforms-3290-field_4\">Nombre de convives approximatif<\/label>\n<input\n\ttype=\"range\"\n\tid=\"wpforms-3290-field_4\" class=\"wpforms-field-medium\" name=\"wpforms[fields][4]\" value=\"0\"\t\tmin=\"0\"\n\tmax=\"100\"\n\tstep=\"1\">\n\n<div class=\"wpforms-field-number-slider-hint\"\n\tdata-hint=\"Selected Value: {value}\">\n\tChoisissez un nombre: <b>0<\/b><\/div>\n<\/div><div id=\"wpforms-3290-field_2-container\" class=\"wpforms-field wpforms-field-textarea\" data-field-id=\"2\"><label class=\"wpforms-field-label\" for=\"wpforms-3290-field_2\">Votre message... <span class=\"wpforms-required-label\">*<\/span><\/label><textarea id=\"wpforms-3290-field_2\" class=\"wpforms-field-medium wpforms-field-required\" name=\"wpforms[fields][2]\" placeholder=\"\u00e9crivez votre message ici\" required><\/textarea><\/div><\/div><!-- .wpforms-field-container --><div class=\"wpforms-recaptcha-container wpforms-is-recaptcha wpforms-is-recaptcha-type-v2\" ><div class=\"g-recaptcha\" data-sitekey=\"6Le1mWodAAAAALSRKvaEY-oq3giWkKodoESpOczG\"><\/div><input type=\"text\" name=\"g-recaptcha-hidden\" class=\"wpforms-recaptcha-hidden\" style=\"position:absolute!important;clip:rect(0,0,0,0)!important;height:1px!important;width:1px!important;border:0!important;overflow:hidden!important;padding:0!important;margin:0!important;\" data-rule-recaptcha=\"1\"><\/div><div class=\"wpforms-submit-container\" ><input type=\"hidden\" name=\"wpforms[id]\" value=\"3290\"><input type=\"hidden\" name=\"page_title\" value=\"\"><input type=\"hidden\" name=\"page_url\" value=\"https:\/\/chateaudebourneau.com\/fr\/wp-json\/wp\/v2\/pages\/4094\"><input type=\"hidden\" name=\"url_referer\" value=\"\"><button type=\"submit\" name=\"wpforms[submit]\" id=\"wpforms-submit-3290\" class=\"wpforms-submit\" data-alt-text=\"Sending\u2026\" data-submit-text=\"Submit\" aria-live=\"assertive\" value=\"wpforms-submit\">Envoyer<\/button><\/div><input type=\"hidden\" name=\"trp-form-language\" value=\"fr\"\/><\/form><\/div>  <!-- .wpforms-container -->\t\t\t\t<\/div>\n\t\t\t\t<\/div>\n\t\t\t\t\t<\/div>\n\t\t<\/div>\n\t\t\t\t\t<\/div>\n\t\t<\/section>\n\t\t\t\t<section class=\"elementor-section elementor-top-section elementor-element elementor-element-11a5326 elementor-section-boxed elementor-section-height-default elementor-section-height-default\" data-id=\"11a5326\" data-element_type=\"section\" data-e-type=\"section\">\n\t\t\t\t\t\t<div class=\"elementor-container elementor-column-gap-default\">\n\t\t\t\t\t<div class=\"elementor-column elementor-col-100 elementor-top-column elementor-element elementor-element-cbee37e\" data-id=\"cbee37e\" data-element_type=\"column\" data-e-type=\"column\">\n\t\t\t<div class=\"elementor-widget-wrap elementor-element-populated\">\n\t\t\t\t\t\t<div class=\"elementor-element elementor-element-94a605f elementor-widget elementor-widget-spacer\" data-id=\"94a605f\" data-element_type=\"widget\" data-e-type=\"widget\" data-widget_type=\"spacer.default\">\n\t\t\t\t<div class=\"elementor-widget-container\">\n\t\t\t\t\t\t\t<div class=\"elementor-spacer\">\n\t\t\t<div class=\"elementor-spacer-inner\"><\/div>\n\t\t<\/div>\n\t\t\t\t\t\t<\/div>\n\t\t\t\t<\/div>\n\t\t\t\t\t<\/div>\n\t\t<\/div>\n\t\t\t\t\t<\/div>\n\t\t<\/section>\n\t\t\t\t<section class=\"elementor-section elementor-top-section elementor-element elementor-element-2ea4964 elementor-section-boxed elementor-section-height-default elementor-section-height-default\" data-id=\"2ea4964\" data-element_type=\"section\" data-e-type=\"section\">\n\t\t\t\t\t\t<div class=\"elementor-container elementor-column-gap-default\">\n\t\t\t\t\t<div class=\"elementor-column elementor-col-100 elementor-top-column elementor-element elementor-element-6a9f8b0\" data-id=\"6a9f8b0\" data-element_type=\"column\" data-e-type=\"column\">\n\t\t\t<div class=\"elementor-widget-wrap elementor-element-populated\">\n\t\t\t\t\t\t<div class=\"elementor-element elementor-element-d7b4512 elementor-widget elementor-widget-heading\" data-id=\"d7b4512\" data-element_type=\"widget\" data-e-type=\"widget\" data-widget_type=\"heading.default\">\n\t\t\t\t<div class=\"elementor-widget-container\">\n\t\t\t\t\t<h2 class=\"elementor-heading-title elementor-size-default\">Comment venir chez nous<\/h2>\t\t\t\t<\/div>\n\t\t\t\t<\/div>\n\t\t\t\t<div class=\"elementor-element elementor-element-65c925e elementor-widget elementor-widget-text-editor\" data-id=\"65c925e\" data-element_type=\"widget\" data-e-type=\"widget\" data-widget_type=\"text-editor.default\">\n\t\t\t\t<div class=\"elementor-widget-container\">\n\t\t\t\t\t\t\t\t\t<p><b>EN AVION<\/b><\/p>\n<p>Nous sommes desservis par 3 a\u00e9roports internationaux situ\u00e9s \u00e0 seulement une heure de route : Nantes, La Rochelle et Poitiers.<\/p>\n<p><\/p>\n<p><b>EN TRAIN<\/b><\/p>\n<p>Le TGV dessert Niort et La Rochelle depuis Paris (tous deux \u00e0 45 minutes de route).<\/p>\n<p><\/p>\n<p><b>EN VOITURE<\/b><\/p>\n<p>Nous sommes \u00e0 12 minutes de la sortie autoroute A83.<\/p>\t\t\t\t\t\t\t\t<\/div>\n\t\t\t\t<\/div>\n\t\t\t\t<div class=\"elementor-element elementor-element-c52f183 elementor-widget elementor-widget-spacer\" data-id=\"c52f183\" data-element_type=\"widget\" data-e-type=\"widget\" data-widget_type=\"spacer.default\">\n\t\t\t\t<div class=\"elementor-widget-container\">\n\t\t\t\t\t\t\t<div class=\"elementor-spacer\">\n\t\t\t<div class=\"elementor-spacer-inner\"><\/div>\n\t\t<\/div>\n\t\t\t\t\t\t<\/div>\n\t\t\t\t<\/div>\n\t\t\t\t\t<\/div>\n\t\t<\/div>\n\t\t\t\t\t<\/div>\n\t\t<\/section>\n\t\t\t\t<section class=\"elementor-section elementor-top-section elementor-element elementor-element-56dd9da elementor-section-boxed elementor-section-height-default elementor-section-height-default\" data-id=\"56dd9da\" data-element_type=\"section\" data-e-type=\"section\">\n\t\t\t\t\t\t<div class=\"elementor-container elementor-column-gap-default\">\n\t\t\t\t\t<div class=\"elementor-column elementor-col-100 elementor-top-column elementor-element elementor-element-eb7d64e\" data-id=\"eb7d64e\" data-element_type=\"column\" data-e-type=\"column\">\n\t\t\t<div class=\"elementor-widget-wrap elementor-element-populated\">\n\t\t\t\t\t\t<div class=\"elementor-element elementor-element-ddda7cc elementor-widget elementor-widget-google_maps\" data-id=\"ddda7cc\" data-element_type=\"widget\" data-e-type=\"widget\" data-widget_type=\"google_maps.default\">\n\t\t\t\t<div class=\"elementor-widget-container\">\n\t\t\t\t\t\t\t<div class=\"elementor-custom-embed\">\n\t\t\t<iframe loading=\"lazy\"\n\t\t\t\t\tsrc=\"https:\/\/maps.google.com\/maps?q=14%20rue%20du%20Ch%C3%A2teau%2C%2085200%20Bourneau%2C%20France&#038;t=m&#038;z=8&#038;output=embed&#038;iwloc=near\"\n\t\t\t\t\ttitle=\"14 rue du Ch\u00e2teau, 85200 Bourneau, France\"\n\t\t\t\t\taria-label=\"14 rue du Ch\u00e2teau, 85200 Bourneau, France\"\n\t\t\t><\/iframe>\n\t\t<\/div>\n\t\t\t\t\t\t<\/div>\n\t\t\t\t<\/div>\n\t\t\t\t<div class=\"elementor-element elementor-element-b87c5b2 elementor-widget elementor-widget-spacer\" data-id=\"b87c5b2\" data-element_type=\"widget\" data-e-type=\"widget\" data-widget_type=\"spacer.default\">\n\t\t\t\t<div class=\"elementor-widget-container\">\n\t\t\t\t\t\t\t<div class=\"elementor-spacer\">\n\t\t\t<div class=\"elementor-spacer-inner\"><\/div>\n\t\t<\/div>\n\t\t\t\t\t\t<\/div>\n\t\t\t\t<\/div>\n\t\t\t\t\t<\/div>\n\t\t<\/div>\n\t\t\t\t\t<\/div>\n\t\t<\/section>\n\t\t\t\t<\/div>","protected":false},"excerpt":{"rendered":"","protected":false},"author":3,"featured_media":0,"parent":0,"menu_order":0,"comment_status":"closed","ping_status":"closed","template":"elementor_header_footer","meta":{"nf_dc_page":"","jetpack_post_was_ever_published":false,"footnotes":""},"class_list":["post-4094","page","type-page","status-publish","hentry"],"yoast_head":"<!-- This site is optimized with the Yoast SEO Premium plugin v25.5 (Yoast SEO v27.2) - https:\/\/yoast.com\/product\/yoast-seo-premium-wordpress\/ -->\n<title>Contact Us for Cottage Rental Wedding and Events Info - Chateau de Bourneau<\/title>\n<meta name=\"description\" content=\"For all your cottage rental wedding and events enquiries, contact us. We look forward to assisting you with your plans.\" \/>\n<meta name=\"robots\" content=\"index, follow, max-snippet:-1, max-image-preview:large, max-video-preview:-1\" \/>\n<link rel=\"canonical\" href=\"https:\/\/chateaudebourneau.com\/fr\/contact\/\" \/>\n<meta property=\"og:locale\" content=\"fr_FR\" \/>\n<meta property=\"og:type\" content=\"article\" \/>\n<meta property=\"og:title\" content=\"Contact\" \/>\n<meta property=\"og:description\" content=\"For all your cottage rental wedding and events enquiries, contact us. We look forward to assisting you with your plans.\" \/>\n<meta property=\"og:url\" content=\"https:\/\/chateaudebourneau.com\/fr\/contact\/\" \/>\n<meta property=\"og:site_name\" content=\"Chateau de Bourneau\" \/>\n<meta property=\"article:publisher\" content=\"https:\/\/www.facebook.com\/Chateaudebourneau\/\" \/>\n<meta property=\"article:modified_time\" content=\"2025-07-19T14:23:55+00:00\" \/>\n<meta name=\"twitter:card\" content=\"summary_large_image\" \/>\n<meta name=\"twitter:label1\" content=\"Dur\u00e9e de lecture estim\u00e9e\" \/>\n\t<meta name=\"twitter:data1\" content=\"1 minute\" \/>\n<script type=\"application\/ld+json\" class=\"yoast-schema-graph\">{\"@context\":\"https:\/\/schema.org\",\"@graph\":[{\"@type\":\"WebPage\",\"@id\":\"https:\/\/chateaudebourneau.com\/contact\/\",\"url\":\"https:\/\/chateaudebourneau.com\/contact\/\",\"name\":\"Contact Us for Cottage Rental Wedding and Events Info - Chateau de Bourneau\",\"isPartOf\":{\"@id\":\"https:\/\/chateaudebourneau.com\/#website\"},\"datePublished\":\"2021-05-27T14:20:41+00:00\",\"dateModified\":\"2025-07-19T14:23:55+00:00\",\"description\":\"For all your cottage rental wedding and events enquiries, contact us. We look forward to assisting you with your plans.\",\"breadcrumb\":{\"@id\":\"https:\/\/chateaudebourneau.com\/contact\/#breadcrumb\"},\"inLanguage\":\"fr-FR\",\"potentialAction\":[{\"@type\":\"ReadAction\",\"target\":[\"https:\/\/chateaudebourneau.com\/contact\/\"]}]},{\"@type\":\"BreadcrumbList\",\"@id\":\"https:\/\/chateaudebourneau.com\/contact\/#breadcrumb\",\"itemListElement\":[{\"@type\":\"ListItem\",\"position\":1,\"name\":\"Home\",\"item\":\"https:\/\/chateaudebourneau.com\/\"},{\"@type\":\"ListItem\",\"position\":2,\"name\":\"Contact\"}]},{\"@type\":\"WebSite\",\"@id\":\"https:\/\/chateaudebourneau.com\/#website\",\"url\":\"https:\/\/chateaudebourneau.com\/\",\"name\":\"chateaudebourneau\",\"description\":\"Holiday cottages, wedding - Grands gites de groupe en Vend\u00e9e\",\"publisher\":{\"@id\":\"https:\/\/chateaudebourneau.com\/#organization\"},\"potentialAction\":[{\"@type\":\"SearchAction\",\"target\":{\"@type\":\"EntryPoint\",\"urlTemplate\":\"https:\/\/chateaudebourneau.com\/?s={search_term_string}\"},\"query-input\":{\"@type\":\"PropertyValueSpecification\",\"valueRequired\":true,\"valueName\":\"search_term_string\"}}],\"inLanguage\":\"fr-FR\"},{\"@type\":\"Organization\",\"@id\":\"https:\/\/chateaudebourneau.com\/#organization\",\"name\":\"Chateau de Bourneau\",\"url\":\"https:\/\/chateaudebourneau.com\/\",\"logo\":{\"@type\":\"ImageObject\",\"inLanguage\":\"fr-FR\",\"@id\":\"https:\/\/chateaudebourneau.com\/#\/schema\/logo\/image\/\",\"url\":\"https:\/\/i0.wp.com\/chateaudebourneau.com\/wp-content\/uploads\/2021\/05\/logo-LIGHT-1.png?fit=842%2C835&ssl=1\",\"contentUrl\":\"https:\/\/i0.wp.com\/chateaudebourneau.com\/wp-content\/uploads\/2021\/05\/logo-LIGHT-1.png?fit=842%2C835&ssl=1\",\"width\":842,\"height\":835,\"caption\":\"Chateau de Bourneau\"},\"image\":{\"@id\":\"https:\/\/chateaudebourneau.com\/#\/schema\/logo\/image\/\"},\"sameAs\":[\"https:\/\/www.facebook.com\/Chateaudebourneau\/\",\"https:\/\/www.instagram.com\/chateaudebourneau\/\"]}]}<\/script>\n<!-- \/ Yoast SEO Premium plugin. -->","yoast_head_json":{"title":"Contact Us for Cottage Rental Wedding and Events Info - Chateau de Bourneau","description":"For all your cottage rental wedding and events enquiries, contact us. We look forward to assisting you with your plans.","robots":{"index":"index","follow":"follow","max-snippet":"max-snippet:-1","max-image-preview":"max-image-preview:large","max-video-preview":"max-video-preview:-1"},"canonical":"https:\/\/chateaudebourneau.com\/fr\/contact\/","og_locale":"fr_FR","og_type":"article","og_title":"Contact","og_description":"For all your cottage rental wedding and events enquiries, contact us. We look forward to assisting you with your plans.","og_url":"https:\/\/chateaudebourneau.com\/fr\/contact\/","og_site_name":"Chateau de Bourneau","article_publisher":"https:\/\/www.facebook.com\/Chateaudebourneau\/","article_modified_time":"2025-07-19T14:23:55+00:00","twitter_card":"summary_large_image","twitter_misc":{"Dur\u00e9e de lecture estim\u00e9e":"1 minute"},"schema":{"@context":"https:\/\/schema.org","@graph":[{"@type":"WebPage","@id":"https:\/\/chateaudebourneau.com\/contact\/","url":"https:\/\/chateaudebourneau.com\/contact\/","name":"Contact Us for Cottage Rental Wedding and Events Info - Chateau de Bourneau","isPartOf":{"@id":"https:\/\/chateaudebourneau.com\/#website"},"datePublished":"2021-05-27T14:20:41+00:00","dateModified":"2025-07-19T14:23:55+00:00","description":"For all your cottage rental wedding and events enquiries, contact us. We look forward to assisting you with your plans.","breadcrumb":{"@id":"https:\/\/chateaudebourneau.com\/contact\/#breadcrumb"},"inLanguage":"fr-FR","potentialAction":[{"@type":"ReadAction","target":["https:\/\/chateaudebourneau.com\/contact\/"]}]},{"@type":"BreadcrumbList","@id":"https:\/\/chateaudebourneau.com\/contact\/#breadcrumb","itemListElement":[{"@type":"ListItem","position":1,"name":"Home","item":"https:\/\/chateaudebourneau.com\/"},{"@type":"ListItem","position":2,"name":"Contact"}]},{"@type":"WebSite","@id":"https:\/\/chateaudebourneau.com\/#website","url":"https:\/\/chateaudebourneau.com\/","name":"chateaudebourneau","description":"Grands gites de groupe en Vend\u00e9e","publisher":{"@id":"https:\/\/chateaudebourneau.com\/#organization"},"potentialAction":[{"@type":"SearchAction","target":{"@type":"EntryPoint","urlTemplate":"https:\/\/chateaudebourneau.com\/?s={search_term_string}"},"query-input":{"@type":"PropertyValueSpecification","valueRequired":true,"valueName":"search_term_string"}}],"inLanguage":"fr-FR"},{"@type":"Organization","@id":"https:\/\/chateaudebourneau.com\/#organization","name":"Chateau de Bourneau","url":"https:\/\/chateaudebourneau.com\/","logo":{"@type":"ImageObject","inLanguage":"fr-FR","@id":"https:\/\/chateaudebourneau.com\/#\/schema\/logo\/image\/","url":"https:\/\/i0.wp.com\/chateaudebourneau.com\/wp-content\/uploads\/2021\/05\/logo-LIGHT-1.png?fit=842%2C835&ssl=1","contentUrl":"https:\/\/i0.wp.com\/chateaudebourneau.com\/wp-content\/uploads\/2021\/05\/logo-LIGHT-1.png?fit=842%2C835&ssl=1","width":842,"height":835,"caption":"Chateau de Bourneau"},"image":{"@id":"https:\/\/chateaudebourneau.com\/#\/schema\/logo\/image\/"},"sameAs":["https:\/\/www.facebook.com\/Chateaudebourneau\/","https:\/\/www.instagram.com\/chateaudebourneau\/"]}]}},"jetpack_sharing_enabled":true,"jetpack_shortlink":"https:\/\/wp.me\/Pahq6Q-142","_links":{"self":[{"href":"https:\/\/chateaudebourneau.com\/fr\/wp-json\/wp\/v2\/pages\/4094","targetHints":{"allow":["GET"]}}],"collection":[{"href":"https:\/\/chateaudebourneau.com\/fr\/wp-json\/wp\/v2\/pages"}],"about":[{"href":"https:\/\/chateaudebourneau.com\/fr\/wp-json\/wp\/v2\/types\/page"}],"author":[{"embeddable":true,"href":"https:\/\/chateaudebourneau.com\/fr\/wp-json\/wp\/v2\/users\/3"}],"replies":[{"embeddable":true,"href":"https:\/\/chateaudebourneau.com\/fr\/wp-json\/wp\/v2\/comments?post=4094"}],"version-history":[{"count":0,"href":"https:\/\/chateaudebourneau.com\/fr\/wp-json\/wp\/v2\/pages\/4094\/revisions"}],"wp:attachment":[{"href":"https:\/\/chateaudebourneau.com\/fr\/wp-json\/wp\/v2\/media?parent=4094"}],"curies":[{"name":"wp","href":"https:\/\/api.w.org\/{rel}","templated":true}]}}